{"id":9432,"date":"2019-01-27T13:36:52","date_gmt":"2019-01-27T11:36:52","guid":{"rendered":"http:\/\/www.artokora.de\/?page_id=9432"},"modified":"2020-06-03T17:06:07","modified_gmt":"2020-06-03T15:06:07","slug":"tao-in-der-mitte","status":"publish","type":"page","link":"https:\/\/www.artokora.de\/?page_id=9432","title":{"rendered":"Tao in der Mitte"},"content":{"rendered":"\n<p>Bildtitel. Tao in der Mitte, digital editiert; Format: 50 x 70 cm; Datei: 140 MB; Datum: 21.02.2014<\/p>\n\n\n<style type=\"text\/css\">\n#foogallery-gallery-9435 .fg-image { width: 150px; }\n#foogallery-gallery-9435 { --fg-gutter: 10px; }<\/style>\n\t\t\t<div class=\"foogallery foogallery-container foogallery-default foogallery-lightbox-foobox fg-center fg-default fg-ready fg-light fg-border-thin fg-shadow-outline fg-loading-default fg-loaded-fade-in fg-caption-hover fg-hover-fade fg-hover-zoom\" id=\"foogallery-gallery-9435\" data-foogallery=\"{&quot;item&quot;:{&quot;showCaptionTitle&quot;:true,&quot;showCaptionDescription&quot;:true},&quot;lazy&quot;:true}\" style=\"--fg-title-line-clamp: 0; --fg-description-line-clamp: 0;\" >\n\t<div class=\"fg-item fg-type-image fg-idle\"><figure class=\"fg-item-inner\"><a href=\"https:\/\/www.artokora.de\/wp-content\/uploads\/2014\/02\/006-Tao-Detail-41.jpg\" data-attachment-id=\"4699\" data-type=\"image\" class=\"fg-thumb\"><span class=\"fg-image-wrap\"><img decoding=\"async\" width=\"150\" height=\"150\" class=\"skip-lazy fg-image\" data-src-fg=\"https:\/\/www.artokora.de\/wp-content\/uploads\/cache\/2014\/02\/006-Tao-Detail-41\/1402755282.jpg\" src=\"data:image\/svg+xml,%3Csvg%20xmlns%3D%22http%3A%2F%2Fwww.w3.org%2F2000%2Fsvg%22%20width%3D%22150%22%20height%3D%22150%22%20viewBox%3D%220%200%20150%20150%22%3E%3C%2Fsvg%3E\" loading=\"eager\"><\/span><span class=\"fg-image-overlay\"><\/span><\/a><\/figure><div class=\"fg-loader\"><\/div><\/div><div class=\"fg-item fg-type-image fg-idle\"><figure class=\"fg-item-inner\"><a href=\"https:\/\/www.artokora.de\/wp-content\/uploads\/2014\/02\/006-Tao-Detail-31.jpg\" data-attachment-id=\"4698\" data-type=\"image\" class=\"fg-thumb\"><span class=\"fg-image-wrap\"><img decoding=\"async\" width=\"150\" height=\"150\" class=\"skip-lazy fg-image\" data-src-fg=\"https:\/\/www.artokora.de\/wp-content\/uploads\/cache\/2014\/02\/006-Tao-Detail-31\/1707113951.jpg\" src=\"data:image\/svg+xml,%3Csvg%20xmlns%3D%22http%3A%2F%2Fwww.w3.org%2F2000%2Fsvg%22%20width%3D%22150%22%20height%3D%22150%22%20viewBox%3D%220%200%20150%20150%22%3E%3C%2Fsvg%3E\" loading=\"eager\"><\/span><span class=\"fg-image-overlay\"><\/span><\/a><\/figure><div class=\"fg-loader\"><\/div><\/div><div class=\"fg-item fg-type-image fg-idle\"><figure class=\"fg-item-inner\"><a href=\"https:\/\/www.artokora.de\/wp-content\/uploads\/2014\/02\/006-Tao-Detail-21.jpg\" data-attachment-id=\"4697\" data-type=\"image\" class=\"fg-thumb\"><span class=\"fg-image-wrap\"><img decoding=\"async\" width=\"150\" height=\"150\" class=\"skip-lazy fg-image\" data-src-fg=\"https:\/\/www.artokora.de\/wp-content\/uploads\/cache\/2014\/02\/006-Tao-Detail-21\/3942766946.jpg\" src=\"data:image\/svg+xml,%3Csvg%20xmlns%3D%22http%3A%2F%2Fwww.w3.org%2F2000%2Fsvg%22%20width%3D%22150%22%20height%3D%22150%22%20viewBox%3D%220%200%20150%20150%22%3E%3C%2Fsvg%3E\" loading=\"eager\"><\/span><span class=\"fg-image-overlay\"><\/span><\/a><\/figure><div class=\"fg-loader\"><\/div><\/div><div class=\"fg-item fg-type-image fg-idle\"><figure class=\"fg-item-inner\"><a href=\"https:\/\/www.artokora.de\/wp-content\/uploads\/2014\/02\/006-Tao-Detail-11.jpg\" data-attachment-id=\"4696\" data-type=\"image\" class=\"fg-thumb\"><span class=\"fg-image-wrap\"><img decoding=\"async\" width=\"150\" height=\"150\" class=\"skip-lazy fg-image\" data-src-fg=\"https:\/\/www.artokora.de\/wp-content\/uploads\/cache\/2014\/02\/006-Tao-Detail-11\/2159127907.jpg\" src=\"data:image\/svg+xml,%3Csvg%20xmlns%3D%22http%3A%2F%2Fwww.w3.org%2F2000%2Fsvg%22%20width%3D%22150%22%20height%3D%22150%22%20viewBox%3D%220%200%20150%20150%22%3E%3C%2Fsvg%3E\" loading=\"eager\"><\/span><span class=\"fg-image-overlay\"><\/span><\/a><\/figure><div class=\"fg-loader\"><\/div><\/div><div class=\"fg-item fg-type-image fg-idle\"><figure class=\"fg-item-inner\"><a href=\"https:\/\/www.artokora.de\/wp-content\/uploads\/2014\/02\/006-Tao-in-der-Mitte.jpg\" data-caption-title=\"Tao in der Mitte\" data-attachment-id=\"4689\" data-type=\"image\" class=\"fg-thumb\"><span class=\"fg-image-wrap\"><img decoding=\"async\" title=\"Tao in der Mitte\" width=\"150\" height=\"150\" class=\"skip-lazy fg-image\" data-src-fg=\"https:\/\/www.artokora.de\/wp-content\/uploads\/cache\/2014\/02\/006-Tao-in-der-Mitte\/1321899995.jpg\" src=\"data:image\/svg+xml,%3Csvg%20xmlns%3D%22http%3A%2F%2Fwww.w3.org%2F2000%2Fsvg%22%20width%3D%22150%22%20height%3D%22150%22%20viewBox%3D%220%200%20150%20150%22%3E%3C%2Fsvg%3E\" loading=\"eager\"><\/span><span class=\"fg-image-overlay\"><\/span><\/a><figcaption class=\"fg-caption\"><div class=\"fg-caption-inner\"><div class=\"fg-caption-title\">Tao in der Mitte<\/div><\/div><\/figcaption><\/figure><div class=\"fg-loader\"><\/div><\/div><\/div>\n\n\n\n<p>Tao in der Mitte<\/p>\n\n\n\n<p>Tao kann als die erste Offenbarung des Universums angesehen werden, das h\u00f6chste universale Bewusstsein; es ist das eine absolute Offenbarungsfeld, die Urmonade, der Logos selbst, oder Brahman. Diese Aussage aus dem Tao Teh King, das TAO \u00fcberall in der Mitte ist, kann aus drei Gr\u00fcnden best\u00e4tigt werden. <br>Das universale Bewusstsein ist die hohe Aufmerksamkeit des einen Unkennbaren Feldes im Allgeschehen, das sich mit dieser Lebensenergie mit allen Facetten der universellen Kommunikation allen Offenbarungen mit Liebe, Weisheit und Kraft zur Realisation schenkt. Darum sind erstens alle Emanationen in allen Universen in die Natur des Tao, in dieses Allbewusstsein eingebettet. <br>Zweitens ist Tao das universale Bewusstsein, das fundamentale Medium in allen sieben Lebensfeldern. Immer und \u00fcberall tr\u00e4gt es die interne und externe Kommunikation, den permanenten In-formationsaustausch. Drittens: darum tr\u00e4gt dieses Medium \u00bballe Bilder \u2013 alle wesentlichen und lebensnotwendigen Informationen \u2013 in sich\u00ab. <br>Im ganzen Universum, in diesen sieben Dimensionen in Zeit und Raum existieren sieben Kraftfelder, die sich voneinander in Frequenz, Wirkung und Qualit\u00e4t unterscheiden. All diese Verschiedenheit wird von einer Siebenheit im Allbewusstsein geleitet, die fortw\u00e4hrend durch alle Dimensionen hin und in allen kosmischen Gebieten trotz aller Vielheit der Gesch\u00f6pfe in der Einheit steht. <br>Wenn Laotse sagt \u00bbTao steht in der Mitte\u00ab, dann bringt er damit zum Ausdruck, dass Tao \u2013 als das allumfassende Bewusstsein \u2013 in allen Universen, Galaxien, Sternsystemen, Sonnensystemen, Planeten, Entit\u00e4ten, Devas, Engel, Naturreichen und Mikrokosmen das Grundmedium f\u00fcr ihr Leben ist, bis hinein in die Atome, Zellen, Molek\u00fcle und die K\u00f6rper, ganz gleich welcher Zusammensetzung. Von dieser g\u00f6ttlichen Kraft \u00bbin der Mitte\u00ab gehen best\u00e4ndig und in alle Richtungen Emanationen aus, Ausstr\u00f6mungen, Strahlungen, Wirkungen, Informationen, die den gesamten unermesslichen Raum mit Leben und Dynamik erf\u00fcllen.<\/p>\n\n\n\n<p>Es ruft gro\u00dfes Erstaunen hervor, wenn man erfassen kann, dass all diese Myriaden Sternensysteme am Firmament und in diesen Systemen die zodiakalen Systeme, in diesen zodiakalen Systemen die Sonnensysteme und in diesen Sonnensystemen alle planetarischen K\u00f6rper \u201eTao in der Mitte besitzen\u201c, ja, besitzen m\u00fcssen. Denn Tao, die Urmonade, das universale Bewusstsein ist mit den sechs anderen Grundkr\u00e4ften der Siebengeist, durch den und mit dem sich alles Leben und Werden in seinen Monaden und ihre Gesch\u00f6pfe entfalten kann. Jeder Planet, jede Sonne, jedes System wird also umgeben von einer Monade und ihre Kosmen werden durchdrungen von der geistigen Essenz Tao\u2018s, von dem alles tragenden Bewusstsein. Dieses elementare Lebensfeld ist eine unendliche Kraftwirkung, die in allen sieben Gestaltungskr\u00e4ften (Stoff, \u00c4ther, Astralis, Mentalis und den drei nirvanischen Feldern) aller Monaden, Himmelsk\u00f6rper, Systeme und Wesen f\u00fcr die interne und externe Kommunikation, f\u00fcr die morphischen Felder in den verschiedenen Ged\u00e4chtnissen das tragende und erm\u00f6glichende Medium bildet. Auch der Planet Erde, den wir Menschen bewohnen, existiert mit seinem Kosmos in einer Monade. Sie tragen Tao also im absoluten Sinn in den sieben Elementarkr\u00e4ften \u00bbin der Mitte\u00ab. <br>\nWir k\u00f6nnen das Wesen Erde mit der Pers\u00f6nlichkeit des Menschen vergleichen. Der Mensch in seinem Mikrokosmos \u2013 in seiner Monade \u2013 bildet gegen\u00fcber Kosmos und Makrokosmos mit ihren Monaden keine Ausnahme. \u00bbWie oben, so unten.\u00ab Auch in den mikrokosmischen Feldern des Menschen ist Tao anwesend, und zwar \u00bbaus der Mitte der Monade, in allen Vibrationen\u00ab, von dem viele Inspirationen und Kraftwirkungen die Evolution der Menschen beeinflussen. Darum sagt Laotse: \u00abTao ist \u00fcberall und bei jedem Wesen in der absoluten Mitte\u00bb. <\/p>\n\n\n\n<p>Dieses ist das gro\u00dfe Wunder Tao\u2018s, des universalen Bewusstseins.  Es war auch bereits dem alten Indien bekannt, wo diese fundamentale Kraft mit Brahman wesenseins ist.  Shankara erkl\u00e4rte Atman als den geistigen Ableger im Menschen. Im Christentum entspricht es dem \u00bbeingeborenen Sohn des Vaters, der Sonnenlogos \u2013 Christus, der Logos der Erde\u00ab, des allumfassenden universellen Bewusstseins. Es passt sich allen Kr\u00e4ften, Elementen, Wesen und Kosmen an, ohne die universelle Einheit zu verlassen. Das h\u00f6here Denkverm\u00f6gen erlaubt dem daf\u00fcr geadelten Menschen einen kleinen Ausschnitt dieser Herrlichkeit zu erfassen.<\/p>\n\n\n\n<p>Tao is the Divine One, the Absolute, it is \u201eIT\u201c itself.  This statement from the Tao Teh King can be confirmed for three reasons. At first all emanations are radiating in all universes the nature of Tao. Secondly, Tao stands and is always and everywhere \u201ein the middle\u201c. And third, this center carries \u00bball pictures &#8211; all essential and vital information &#8211; in itself.\u201c In the whole universe, in this immense space, there are countless force fields, all of which are very different from each other. From all this diversity, which is included in the unit, you have to say: \u201eTao is in the middle\u201c. From this divine power \u201ein the middle\u201c go out emanations, fumes, radiation, effects which fulfill the whole immense room with her Majesty.<br>\nIt evokes great surprise when you discover that all these myriad star systems and in these systems the zodiacal systems in these zodiacal systems, the solar system and in these solar systems all planetary bodies have Tao in the middle, yes, must indeed possess. Because Tao is all life and becoming. Every planet, every sun, every system is thus surrounded and permeated by the spiritual essence of Tao\u2018s. It is a source of power, which forms a focal point in the middle of all the heavenly bodies and systems. Even the planet Earth we inhabit, Tao thus contributes in an absolute sense in his heart.<br>\nWe can compare the cosmos that we know as Earth, with the personality of man. This makes it even more amazing when we find that the person opposite cosmos and microcosm and macrocosm is no exception. \u201eAs above, so below.\u201c This hermetic axiom must be understood well. Even in the human heart Tao is present, and indeed \u201ein the middle\u201c , from where many inspirations and force actions affect the people. Tao is everywhere and in all \u201ein the absolute middle.\u201c This is the great miracle Tao\u2018s.<\/p>\n","protected":false},"excerpt":{"rendered":"<p>Bildtitel. Tao in der Mitte, digital editiert; Format: 50 x 70 cm; Datei: 140 MB; Datum: 21.02.2014 Tao in der Mitte Tao kann als die erste Offenbarung des Universums angesehen werden, das h\u00f6chste universale Bewusstsein; es ist das eine absolute Offenbarungsfeld, die Urmonade, der Logos selbst, oder Brahman. Diese Aussage aus dem Tao Teh King, &hellip; <\/p>\n<p class=\"link-more\"><a href=\"https:\/\/www.artokora.de\/?page_id=9432\" class=\"more-link\"><span class=\"screen-reader-text\">\u201eTao in der Mitte\u201c<\/span> weiterlesen<\/a><\/p>\n","protected":false},"author":2,"featured_media":4689,"parent":5049,"menu_order":7,"comment_status":"closed","ping_status":"closed","template":"","meta":{"footnotes":""},"class_list":["post-9432","page","type-page","status-publish","has-post-thumbnail","hentry"],"_links":{"self":[{"href":"https:\/\/www.artokora.de\/index.php?rest_route=\/wp\/v2\/pages\/9432"}],"collection":[{"href":"https:\/\/www.artokora.de\/index.php?rest_route=\/wp\/v2\/pages"}],"about":[{"href":"https:\/\/www.artokora.de\/index.php?rest_route=\/wp\/v2\/types\/page"}],"author":[{"embeddable":true,"href":"https:\/\/www.artokora.de\/index.php?rest_route=\/wp\/v2\/users\/2"}],"replies":[{"embeddable":true,"href":"https:\/\/www.artokora.de\/index.php?rest_route=%2Fwp%2Fv2%2Fcomments&post=9432"}],"version-history":[{"count":5,"href":"https:\/\/www.artokora.de\/index.php?rest_route=\/wp\/v2\/pages\/9432\/revisions"}],"predecessor-version":[{"id":10959,"href":"https:\/\/www.artokora.de\/index.php?rest_route=\/wp\/v2\/pages\/9432\/revisions\/10959"}],"up":[{"embeddable":true,"href":"https:\/\/www.artokora.de\/index.php?rest_route=\/wp\/v2\/pages\/5049"}],"wp:featuredmedia":[{"embeddable":true,"href":"https:\/\/www.artokora.de\/index.php?rest_route=\/wp\/v2\/media\/4689"}],"wp:attachment":[{"href":"https:\/\/www.artokora.de\/index.php?rest_route=%2Fwp%2Fv2%2Fmedia&parent=9432"}],"curies":[{"name":"wp","href":"https:\/\/api.w.org\/{rel}","templated":true}]}}