{"id":9410,"date":"2019-01-26T10:18:01","date_gmt":"2019-01-26T08:18:01","guid":{"rendered":"http:\/\/www.artokora.de\/?page_id=9410"},"modified":"2020-05-31T16:12:12","modified_gmt":"2020-05-31T14:12:12","slug":"kosmische-gedanken","status":"publish","type":"page","link":"https:\/\/www.artokora.de\/?page_id=9410","title":{"rendered":"Blauer Baum"},"content":{"rendered":"\n<p>Bildtitel: Blauer Baum, digital editiert, Format: 50 x 70 cm; Daten 140 MB; Datum: 29.12.2016<\/p>\n\n\n<style type=\"text\/css\">\n#foogallery-gallery-9412 .fg-image { width: 150px; }\n#foogallery-gallery-9412 { --fg-gutter: 10px; }<\/style>\n\t\t\t<div class=\"foogallery foogallery-container foogallery-default foogallery-lightbox-foobox fg-center fg-default fg-ready fg-light fg-border-thin fg-shadow-outline fg-loading-default fg-loaded-fade-in fg-caption-hover fg-hover-fade fg-hover-zoom\" id=\"foogallery-gallery-9412\" data-foogallery=\"{&quot;item&quot;:{&quot;showCaptionTitle&quot;:true,&quot;showCaptionDescription&quot;:true},&quot;lazy&quot;:true}\" style=\"--fg-title-line-clamp: 0; --fg-description-line-clamp: 0;\" >\n\t<div class=\"fg-item fg-type-image fg-idle\"><figure class=\"fg-item-inner\"><a href=\"https:\/\/www.artokora.de\/wp-content\/uploads\/2016\/12\/015-Blauer-Baum-1.jpg\" data-caption-title=\"Blauer Baum\" data-attachment-id=\"7432\" data-type=\"image\" class=\"fg-thumb\"><span class=\"fg-image-wrap\"><img decoding=\"async\" title=\"Blauer Baum\" width=\"150\" height=\"150\" class=\"skip-lazy fg-image\" data-src-fg=\"https:\/\/www.artokora.de\/wp-content\/uploads\/cache\/2016\/12\/015-Blauer-Baum-1\/15087653.jpg\" src=\"data:image\/svg+xml,%3Csvg%20xmlns%3D%22http%3A%2F%2Fwww.w3.org%2F2000%2Fsvg%22%20width%3D%22150%22%20height%3D%22150%22%20viewBox%3D%220%200%20150%20150%22%3E%3C%2Fsvg%3E\" loading=\"eager\"><\/span><span class=\"fg-image-overlay\"><\/span><\/a><figcaption class=\"fg-caption\"><div class=\"fg-caption-inner\"><div class=\"fg-caption-title\">Blauer Baum<\/div><\/div><\/figcaption><\/figure><div class=\"fg-loader\"><\/div><\/div><div class=\"fg-item fg-type-image fg-idle\"><figure class=\"fg-item-inner\"><a href=\"https:\/\/www.artokora.de\/wp-content\/uploads\/2016\/12\/015-BlBaum-Deatail-6.jpg\" data-attachment-id=\"7431\" data-type=\"image\" class=\"fg-thumb\"><span class=\"fg-image-wrap\"><img decoding=\"async\" width=\"150\" height=\"150\" class=\"skip-lazy fg-image\" data-src-fg=\"https:\/\/www.artokora.de\/wp-content\/uploads\/cache\/2016\/12\/015-BlBaum-Deatail-6\/1987069648.jpg\" src=\"data:image\/svg+xml,%3Csvg%20xmlns%3D%22http%3A%2F%2Fwww.w3.org%2F2000%2Fsvg%22%20width%3D%22150%22%20height%3D%22150%22%20viewBox%3D%220%200%20150%20150%22%3E%3C%2Fsvg%3E\" loading=\"eager\"><\/span><span class=\"fg-image-overlay\"><\/span><\/a><\/figure><div class=\"fg-loader\"><\/div><\/div><div class=\"fg-item fg-type-image fg-idle\"><figure class=\"fg-item-inner\"><a href=\"https:\/\/www.artokora.de\/wp-content\/uploads\/2016\/12\/015-BlBaum-Deatail-5.jpg\" data-attachment-id=\"7430\" data-type=\"image\" class=\"fg-thumb\"><span class=\"fg-image-wrap\"><img decoding=\"async\" width=\"150\" height=\"150\" class=\"skip-lazy fg-image\" data-src-fg=\"https:\/\/www.artokora.de\/wp-content\/uploads\/cache\/2016\/12\/015-BlBaum-Deatail-5\/244446945.jpg\" src=\"data:image\/svg+xml,%3Csvg%20xmlns%3D%22http%3A%2F%2Fwww.w3.org%2F2000%2Fsvg%22%20width%3D%22150%22%20height%3D%22150%22%20viewBox%3D%220%200%20150%20150%22%3E%3C%2Fsvg%3E\" loading=\"eager\"><\/span><span class=\"fg-image-overlay\"><\/span><\/a><\/figure><div class=\"fg-loader\"><\/div><\/div><div class=\"fg-item fg-type-image fg-idle\"><figure class=\"fg-item-inner\"><a href=\"https:\/\/www.artokora.de\/wp-content\/uploads\/2016\/12\/015-BlBaum-Deatail-4.jpg\" data-attachment-id=\"7429\" data-type=\"image\" class=\"fg-thumb\"><span class=\"fg-image-wrap\"><img decoding=\"async\" width=\"150\" height=\"150\" class=\"skip-lazy fg-image\" data-src-fg=\"https:\/\/www.artokora.de\/wp-content\/uploads\/cache\/2016\/12\/015-BlBaum-Deatail-4\/2194619254.jpg\" src=\"data:image\/svg+xml,%3Csvg%20xmlns%3D%22http%3A%2F%2Fwww.w3.org%2F2000%2Fsvg%22%20width%3D%22150%22%20height%3D%22150%22%20viewBox%3D%220%200%20150%20150%22%3E%3C%2Fsvg%3E\" loading=\"eager\"><\/span><span class=\"fg-image-overlay\"><\/span><\/a><\/figure><div class=\"fg-loader\"><\/div><\/div><div class=\"fg-item fg-type-image fg-idle\"><figure class=\"fg-item-inner\"><a href=\"https:\/\/www.artokora.de\/wp-content\/uploads\/2016\/12\/015-BlBaum-Deatail-3.jpg\" data-attachment-id=\"7428\" data-type=\"image\" class=\"fg-thumb\"><span class=\"fg-image-wrap\"><img decoding=\"async\" width=\"150\" height=\"150\" class=\"skip-lazy fg-image\" data-src-fg=\"https:\/\/www.artokora.de\/wp-content\/uploads\/cache\/2016\/12\/015-BlBaum-Deatail-3\/2120517053.jpg\" src=\"data:image\/svg+xml,%3Csvg%20xmlns%3D%22http%3A%2F%2Fwww.w3.org%2F2000%2Fsvg%22%20width%3D%22150%22%20height%3D%22150%22%20viewBox%3D%220%200%20150%20150%22%3E%3C%2Fsvg%3E\" loading=\"eager\"><\/span><span class=\"fg-image-overlay\"><\/span><\/a><\/figure><div class=\"fg-loader\"><\/div><\/div><div class=\"fg-item fg-type-image fg-idle\"><figure class=\"fg-item-inner\"><a href=\"https:\/\/www.artokora.de\/wp-content\/uploads\/2016\/12\/015-BlBaum-Deatail-2.jpg\" data-attachment-id=\"7427\" data-type=\"image\" class=\"fg-thumb\"><span class=\"fg-image-wrap\"><img decoding=\"async\" width=\"150\" height=\"150\" class=\"skip-lazy fg-image\" data-src-fg=\"https:\/\/www.artokora.de\/wp-content\/uploads\/cache\/2016\/12\/015-BlBaum-Deatail-2\/3269799754.jpg\" src=\"data:image\/svg+xml,%3Csvg%20xmlns%3D%22http%3A%2F%2Fwww.w3.org%2F2000%2Fsvg%22%20width%3D%22150%22%20height%3D%22150%22%20viewBox%3D%220%200%20150%20150%22%3E%3C%2Fsvg%3E\" loading=\"eager\"><\/span><span class=\"fg-image-overlay\"><\/span><\/a><\/figure><div class=\"fg-loader\"><\/div><\/div><div class=\"fg-item fg-type-image fg-idle\"><figure class=\"fg-item-inner\"><a href=\"https:\/\/www.artokora.de\/wp-content\/uploads\/2016\/12\/015-BlBaum-Deatail-1.jpg\" data-attachment-id=\"7426\" data-type=\"image\" class=\"fg-thumb\"><span class=\"fg-image-wrap\"><img decoding=\"async\" width=\"150\" height=\"150\" class=\"skip-lazy fg-image\" data-src-fg=\"https:\/\/www.artokora.de\/wp-content\/uploads\/cache\/2016\/12\/015-BlBaum-Deatail-1\/3120865147.jpg\" src=\"data:image\/svg+xml,%3Csvg%20xmlns%3D%22http%3A%2F%2Fwww.w3.org%2F2000%2Fsvg%22%20width%3D%22150%22%20height%3D%22150%22%20viewBox%3D%220%200%20150%20150%22%3E%3C%2Fsvg%3E\" loading=\"eager\"><\/span><span class=\"fg-image-overlay\"><\/span><\/a><\/figure><div class=\"fg-loader\"><\/div><\/div><div class=\"fg-item fg-type-image fg-idle\"><figure class=\"fg-item-inner\"><a href=\"https:\/\/www.artokora.de\/wp-content\/uploads\/2016\/12\/015-Blauer-Baum.jpg\" data-attachment-id=\"7425\" data-type=\"image\" class=\"fg-thumb\"><span class=\"fg-image-wrap\"><img decoding=\"async\" width=\"150\" height=\"150\" class=\"skip-lazy fg-image\" data-src-fg=\"https:\/\/www.artokora.de\/wp-content\/uploads\/cache\/2016\/12\/015-Blauer-Baum\/145164952.jpg\" src=\"data:image\/svg+xml,%3Csvg%20xmlns%3D%22http%3A%2F%2Fwww.w3.org%2F2000%2Fsvg%22%20width%3D%22150%22%20height%3D%22150%22%20viewBox%3D%220%200%20150%20150%22%3E%3C%2Fsvg%3E\" loading=\"eager\"><\/span><span class=\"fg-image-overlay\"><\/span><\/a><\/figure><div class=\"fg-loader\"><\/div><\/div><\/div>\n\n\n\n<p>Kosmische Gedanken<\/p>\n\n\n\n<p>Die esoterische Philosophie aller Zeiten bezeichnet das Weltall in seinen Tiefen als ein rhythmisches Weben der Weltseele. Besonders in der alten indischen Vedanta wird von dem Ein- und Ausatmen Brahmans gesprochen. (Sanskrit: brahman m.) Diese h\u00f6chste Sch\u00f6pfungskraft ist Teil der hinduistischen Trinit\u00e4t, welche aus Brahma (Sch\u00f6pfer), Vishnu (Erhalter) und Shiva (Zerst\u00f6rer) besteht. Diese Trinit\u00e4t aus Vater, Sohn und Heiliger Geist ist auch im Christentum verankert. Allerdings ist allgemein bekannt, dass unsere Welt aus 12 Kr\u00e4ften geschaffen wurde, die sich in den Aspekten der Sternzeichen im Tierkreis widerspiegeln. In der Philosophie perennis kann man von den sieben mal sieben Strahlen des urs\u00e4chlichen Feldes vor allem Beginn lesen, die das Metaversum mit allen Gesch\u00f6pfen in ihren Monaden schaffen und geschaffen haben. Es bleibt also eine Angelegenheit des Betrachters, auf welches Modell er sein Leben einstellen will. Die sieben kann als eine Zusammenf\u00fcgung aus  zwei mal drei Kr\u00e4ften betrachtet werden. Drei wirken oberhalb eines zugeh\u00f6rigen Horizonts in der Mitte und drei Kr\u00e4fte wirken unterhalb der Kraft im Horizont, die die Kohabitation zwischen den unteren und oberen Kr\u00e4ften erm\u00f6glicht und dynamisiert. Hierbei sollte man sich keinerlei materialistische Interpretation gestatten, denn diese Siebenheit ist immer in Einheit wirksam.<br>\nMan kann auch sagen, es besteht als Kontinuum der Offenbarung seit Anbeginn die Urmonade, das universale Bewusstsein. Alles, alle Galaxien, Sterne und Planeten und alle stofflichen bzw. unstofflichen Wesen haben ihren Entwicklungsraum in den sieben kosmischen R\u00e4umen und den sieben Dimensionen der Urmonade. In ihren sieben Energien erklingt die Sch\u00f6pfungsevolution probabilistisch auf alle Ewigkeiten hin, sich stets in kreativer Vielfalt und absoluter Einheit entwickelnd. Die Galaxie, die Milchstra\u00dfe, zu der auch das planetare System der Sonne geh\u00f6rt und auch der Kosmos Erde mit seinem Mond, werden ebenfalls von ihrem eigenen Sch\u00f6pfungsprinzip getragen, von ihrer sie ern\u00e4hrenden und f\u00fchrenden Monade. Die kosmische Monade der Erde hat sowohl die Monade des Mondes als auch die Monaden der diversen Lebenswellen in ihren Mikrokosmen auf der Erde hervorgebracht. Spricht man von einem Planetgeist, von einem nat\u00fcrlichen Demiurgen und Sch\u00f6pfer des irdischen Daseins, und von einem Planetlogos, der Monade, die den Kosmos in seiner Entwicklung anfeuert, dann werden damit die zwei Prinzipien der irdischen Trinit\u00e4t angedeutet. Der Planetgeist ist der Herrscher im aurischen Wesen des Kosmos Erde, der Planetlogos korrespondiert mit der Monade des irdischen Kosmos. Der Planet selbst mit seinen diversen Lebenswellen beinhaltet die Kinder, S\u00f6hne und T\u00f6chter dieser Sch\u00f6pfung im solaren System.<\/p>\n\n\n\n<p>Im kosmischen Feld der Erde kooperieren grob gesagt vier Lebenswellen zusammen: das Mineralreich, das Pflanzenreich, das Tierreich und das Menschenreich. Alle zugeh\u00f6rigen Mikrokosmen stehen in einer permanenten Evolution, die von den \u00fcbergeordneten Monaden gef\u00f6rdert wird. Die universelle interkosmische Evolution hat als Ziel, alle Wesen, Mikrokosmen, Kosmen, Galaxien und Entit\u00e4ten mit ihrer h\u00f6chstm\u00f6glichen Erfahrung in der Sch\u00f6pfung kreativ mitwirken zu lassen. Diese Mitarbeit aller Gesch\u00f6pfe im All ist das Grundprinzip der gegenseitigen Resonanz seit Anbeginn der Alloffenbarung. Auf dieser Basis verwirklicht sich kybernetisch das universelle Leben und kreative Sein in Liebe und harmonischer Einheit.<\/p>\n\n\n\n<p>Wir erkennen und erfassen uns als bewusste Menschen und sehen \u00fcberrascht, wie oberfl\u00e4chlich und l\u00e4cherlich schwach unsere menschlichen Lebensimpulse im Verh\u00e4ltnis zu den Verm\u00f6gen sind, die uns unsere Monade schenkt. Darum beginnen die Menschen, zumindest einige von ihnen, ihren mikrokosmischen Zustand zu erh\u00f6hen. Allerdings werden Regeln der gro\u00dfen Religionsstifter dazu benutzt, um sich selbst als materielle Person in einen h\u00f6heren Zustand aufzuschwingen. Dabei geraten sie unversehens in die Imitation. Sie gehen Ahriman im Jenseits auf den Leim und bauen sich in den mentalen Feldern, dem Devachan, einen stofflich orientierten Ersatzhimmel.<br> Sie k\u00f6nnen dabei noch nicht erkennen, dass der Weg noch viele Irrfahrten f\u00fcr sie bereit h\u00e4lt, bevor sie den direkten Weg zur Vollendung ihres Mikrokosmos finden werden, bei dem sich sowohl paradiesische als auch himmlische Zust\u00e4nde ergeben werden. Diese sind allerdings keineswegs das Ziel und der Sinn des Daseins, sondern es stehen noch viel weiter reichende Aufgaben vor den Menschen, wenn sie sich, endg\u00fcltig vollendet, mit ihren Monaden vereinigen k\u00f6nnen.<br> Dieser Prozess f\u00fchrt \u00fcber das intelligente Aufl\u00f6sen jedes materiellen Impulses der Selbsterhaltung des stofflichen \u201eIch-bin\u201c zu der tiefen Erkenntnis des ewigen Seins in einem sich entwickelnden Mikrokosmos, aus dem ohnehin alle Verm\u00f6gen des Menschen hervorgehen. Erst dann kann die Kraft des Lebens in den sieben metaphysischen Feldern des Alls erfasst werden. Erst dann, wenn keine materiellen Vorstellungen mehr den Verstand einschr\u00e4nken, wenn keine vergangenen mentalen Projektionen mehr in den morphischen Feldern gefunden werden, \u00f6ffnen sich auch die T\u00fcren zu den drei nirvanischen Gebieten des Mikrokosmos und des Kosmos. Damit entwickelt sich dann die uneingeschr\u00e4nkte hingebungsvolle Dienstbereitschaft f\u00fcr die kosmische Evolution, in der sich der Mikrokosmos vollendet und kongruent mit seiner Monade vereinigen kann, in einer wahrhaft heiligen Hochzeit, um sich f\u00fcr die Erhebung aller Lebenswellen und Wesen im Kosmos mit allen geheiligten Monaden und ihren Mikrokosmen zu verbinden. Danach wird der Kosmos des Planeten Erde f\u00fcr die weiteren Evolutionsschritte im lunaren Kosmos und im solaren Kosmos mitarbeiten.<\/p>\n\n\n\n<hr class=\"wp-block-separator\"\/>\n\n\n\n<p>Schreibe mir Deine Gedanken zum Text \u00fcber <a href=\"http:\/\/www.artokora.de\/?page_id=74\"><strong>Kontakt<\/strong><\/a><\/p>\n\n\n\n<hr class=\"wp-block-separator\"\/>\n","protected":false},"excerpt":{"rendered":"<p>Bildtitel: Blauer Baum, digital editiert, Format: 50 x 70 cm; Daten 140 MB; Datum: 29.12.2016 Kosmische Gedanken Die esoterische Philosophie aller Zeiten bezeichnet das Weltall in seinen Tiefen als ein rhythmisches Weben der Weltseele. Besonders in der alten indischen Vedanta wird von dem Ein- und Ausatmen Brahmans gesprochen. (Sanskrit: brahman m.) Diese h\u00f6chste Sch\u00f6pfungskraft ist &hellip; <\/p>\n<p class=\"link-more\"><a href=\"https:\/\/www.artokora.de\/?page_id=9410\" class=\"more-link\"><span class=\"screen-reader-text\">\u201eBlauer Baum\u201c<\/span> weiterlesen<\/a><\/p>\n","protected":false},"author":2,"featured_media":7425,"parent":5049,"menu_order":0,"comment_status":"closed","ping_status":"closed","template":"","meta":{"footnotes":""},"class_list":["post-9410","page","type-page","status-publish","has-post-thumbnail","hentry"],"_links":{"self":[{"href":"https:\/\/www.artokora.de\/index.php?rest_route=\/wp\/v2\/pages\/9410"}],"collection":[{"href":"https:\/\/www.artokora.de\/index.php?rest_route=\/wp\/v2\/pages"}],"about":[{"href":"https:\/\/www.artokora.de\/index.php?rest_route=\/wp\/v2\/types\/page"}],"author":[{"embeddable":true,"href":"https:\/\/www.artokora.de\/index.php?rest_route=\/wp\/v2\/users\/2"}],"replies":[{"embeddable":true,"href":"https:\/\/www.artokora.de\/index.php?rest_route=%2Fwp%2Fv2%2Fcomments&post=9410"}],"version-history":[{"count":12,"href":"https:\/\/www.artokora.de\/index.php?rest_route=\/wp\/v2\/pages\/9410\/revisions"}],"predecessor-version":[{"id":12222,"href":"https:\/\/www.artokora.de\/index.php?rest_route=\/wp\/v2\/pages\/9410\/revisions\/12222"}],"up":[{"embeddable":true,"href":"https:\/\/www.artokora.de\/index.php?rest_route=\/wp\/v2\/pages\/5049"}],"wp:featuredmedia":[{"embeddable":true,"href":"https:\/\/www.artokora.de\/index.php?rest_route=\/wp\/v2\/media\/7425"}],"wp:attachment":[{"href":"https:\/\/www.artokora.de\/index.php?rest_route=%2Fwp%2Fv2%2Fmedia&parent=9410"}],"curies":[{"name":"wp","href":"https:\/\/api.w.org\/{rel}","templated":true}]}}