{"id":9391,"date":"2019-01-24T14:52:28","date_gmt":"2019-01-24T12:52:28","guid":{"rendered":"http:\/\/www.artokora.de\/?page_id=9391"},"modified":"2020-06-04T18:02:09","modified_gmt":"2020-06-04T16:02:09","slug":"lichtbruecke","status":"publish","type":"page","link":"https:\/\/www.artokora.de\/?page_id=9391","title":{"rendered":"Lichtbr\u00fccke"},"content":{"rendered":"\n<p>Bildtitel: 003 LichtBruecke, digital Composing, Format: 86 x 120 cm; Datei: 264 MB, 240 dpi; Datum: 13.12.2012<\/p>\n\n\n\n<p><\/p>\n\n\n<style type=\"text\/css\">\n#foogallery-gallery-9357 .fg-image { width: 150px; }\n#foogallery-gallery-9357 { --fg-gutter: 10px; }<\/style>\n\t\t\t<div class=\"foogallery foogallery-container foogallery-default foogallery-lightbox-foobox fg-center fg-default fg-ready fg-light fg-border-thin fg-shadow-outline fg-loading-default fg-loaded-fade-in fg-caption-hover fg-hover-fade fg-hover-zoom\" id=\"foogallery-gallery-9357\" data-foogallery=\"{&quot;item&quot;:{&quot;showCaptionTitle&quot;:true,&quot;showCaptionDescription&quot;:true},&quot;lazy&quot;:true}\" style=\"--fg-title-line-clamp: 0; --fg-description-line-clamp: 0;\" >\n\t<div class=\"fg-item fg-type-image fg-idle\"><figure class=\"fg-item-inner\"><a href=\"https:\/\/www.artokora.de\/wp-content\/uploads\/2019\/01\/003-LichtBruecke-Detail-1.jpg\" data-attachment-id=\"9358\" data-type=\"image\" class=\"fg-thumb\"><span class=\"fg-image-wrap\"><img decoding=\"async\" width=\"150\" height=\"150\" class=\"skip-lazy fg-image\" data-src-fg=\"https:\/\/www.artokora.de\/wp-content\/uploads\/cache\/2019\/01\/003-LichtBruecke-Detail-1\/2131534616.jpg\" src=\"data:image\/svg+xml,%3Csvg%20xmlns%3D%22http%3A%2F%2Fwww.w3.org%2F2000%2Fsvg%22%20width%3D%22150%22%20height%3D%22150%22%20viewBox%3D%220%200%20150%20150%22%3E%3C%2Fsvg%3E\" loading=\"eager\"><\/span><span class=\"fg-image-overlay\"><\/span><\/a><\/figure><div class=\"fg-loader\"><\/div><\/div><div class=\"fg-item fg-type-image fg-idle\"><figure class=\"fg-item-inner\"><a href=\"https:\/\/www.artokora.de\/wp-content\/uploads\/2019\/01\/003-LichtBruecke-Detail-2.jpg\" data-attachment-id=\"9359\" data-type=\"image\" class=\"fg-thumb\"><span class=\"fg-image-wrap\"><img decoding=\"async\" width=\"150\" height=\"150\" class=\"skip-lazy fg-image\" data-src-fg=\"https:\/\/www.artokora.de\/wp-content\/uploads\/cache\/2019\/01\/003-LichtBruecke-Detail-2\/2193383152.jpg\" src=\"data:image\/svg+xml,%3Csvg%20xmlns%3D%22http%3A%2F%2Fwww.w3.org%2F2000%2Fsvg%22%20width%3D%22150%22%20height%3D%22150%22%20viewBox%3D%220%200%20150%20150%22%3E%3C%2Fsvg%3E\" loading=\"eager\"><\/span><span class=\"fg-image-overlay\"><\/span><\/a><\/figure><div class=\"fg-loader\"><\/div><\/div><div class=\"fg-item fg-type-image fg-idle\"><figure class=\"fg-item-inner\"><a href=\"https:\/\/www.artokora.de\/wp-content\/uploads\/2019\/01\/003-LichtBruecke-Detail-3.jpg\" data-attachment-id=\"9360\" data-type=\"image\" class=\"fg-thumb\"><span class=\"fg-image-wrap\"><img decoding=\"async\" width=\"150\" height=\"150\" class=\"skip-lazy fg-image\" data-src-fg=\"https:\/\/www.artokora.de\/wp-content\/uploads\/cache\/2019\/01\/003-LichtBruecke-Detail-3\/1906791528.jpg\" src=\"data:image\/svg+xml,%3Csvg%20xmlns%3D%22http%3A%2F%2Fwww.w3.org%2F2000%2Fsvg%22%20width%3D%22150%22%20height%3D%22150%22%20viewBox%3D%220%200%20150%20150%22%3E%3C%2Fsvg%3E\" loading=\"eager\"><\/span><span class=\"fg-image-overlay\"><\/span><\/a><\/figure><div class=\"fg-loader\"><\/div><\/div><div class=\"fg-item fg-type-image fg-idle\"><figure class=\"fg-item-inner\"><a href=\"https:\/\/www.artokora.de\/wp-content\/uploads\/2019\/01\/003-LichtBruecke-Detail-4.jpg\" data-attachment-id=\"9361\" data-type=\"image\" class=\"fg-thumb\"><span class=\"fg-image-wrap\"><img decoding=\"async\" width=\"150\" height=\"150\" class=\"skip-lazy fg-image\" data-src-fg=\"https:\/\/www.artokora.de\/wp-content\/uploads\/cache\/2019\/01\/003-LichtBruecke-Detail-4\/140355450.jpg\" src=\"data:image\/svg+xml,%3Csvg%20xmlns%3D%22http%3A%2F%2Fwww.w3.org%2F2000%2Fsvg%22%20width%3D%22150%22%20height%3D%22150%22%20viewBox%3D%220%200%20150%20150%22%3E%3C%2Fsvg%3E\" loading=\"eager\"><\/span><span class=\"fg-image-overlay\"><\/span><\/a><\/figure><div class=\"fg-loader\"><\/div><\/div><div class=\"fg-item fg-type-image fg-idle\"><figure class=\"fg-item-inner\"><a href=\"https:\/\/www.artokora.de\/wp-content\/uploads\/2019\/01\/003-LichtBruecke-Detail-5.jpg\" data-attachment-id=\"9362\" data-type=\"image\" class=\"fg-thumb\"><span class=\"fg-image-wrap\"><img decoding=\"async\" width=\"150\" height=\"150\" class=\"skip-lazy fg-image\" data-src-fg=\"https:\/\/www.artokora.de\/wp-content\/uploads\/cache\/2019\/01\/003-LichtBruecke-Detail-5\/1370991097.jpg\" src=\"data:image\/svg+xml,%3Csvg%20xmlns%3D%22http%3A%2F%2Fwww.w3.org%2F2000%2Fsvg%22%20width%3D%22150%22%20height%3D%22150%22%20viewBox%3D%220%200%20150%20150%22%3E%3C%2Fsvg%3E\" loading=\"eager\"><\/span><span class=\"fg-image-overlay\"><\/span><\/a><\/figure><div class=\"fg-loader\"><\/div><\/div><div class=\"fg-item fg-type-image fg-idle\"><figure class=\"fg-item-inner\"><a href=\"https:\/\/www.artokora.de\/wp-content\/uploads\/2019\/01\/003-LichtBruecke-Detail-6.jpg\" data-attachment-id=\"9363\" data-type=\"image\" class=\"fg-thumb\"><span class=\"fg-image-wrap\"><img decoding=\"async\" width=\"150\" height=\"150\" class=\"skip-lazy fg-image\" data-src-fg=\"https:\/\/www.artokora.de\/wp-content\/uploads\/cache\/2019\/01\/003-LichtBruecke-Detail-6\/2886161425.jpg\" src=\"data:image\/svg+xml,%3Csvg%20xmlns%3D%22http%3A%2F%2Fwww.w3.org%2F2000%2Fsvg%22%20width%3D%22150%22%20height%3D%22150%22%20viewBox%3D%220%200%20150%20150%22%3E%3C%2Fsvg%3E\" loading=\"eager\"><\/span><span class=\"fg-image-overlay\"><\/span><\/a><\/figure><div class=\"fg-loader\"><\/div><\/div><div class=\"fg-item fg-type-image fg-idle\"><figure class=\"fg-item-inner\"><a href=\"https:\/\/www.artokora.de\/wp-content\/uploads\/2019\/01\/003-LichtBruecke-Detail-7.jpg\" data-attachment-id=\"9364\" data-type=\"image\" class=\"fg-thumb\"><span class=\"fg-image-wrap\"><img decoding=\"async\" width=\"150\" height=\"150\" class=\"skip-lazy fg-image\" data-src-fg=\"https:\/\/www.artokora.de\/wp-content\/uploads\/cache\/2019\/01\/003-LichtBruecke-Detail-7\/3798185215.jpg\" src=\"data:image\/svg+xml,%3Csvg%20xmlns%3D%22http%3A%2F%2Fwww.w3.org%2F2000%2Fsvg%22%20width%3D%22150%22%20height%3D%22150%22%20viewBox%3D%220%200%20150%20150%22%3E%3C%2Fsvg%3E\" loading=\"eager\"><\/span><span class=\"fg-image-overlay\"><\/span><\/a><\/figure><div class=\"fg-loader\"><\/div><\/div><div class=\"fg-item fg-type-image fg-idle\"><figure class=\"fg-item-inner\"><a href=\"https:\/\/www.artokora.de\/wp-content\/uploads\/2019\/01\/003-LichtBruecke-Detail-8.jpg\" data-attachment-id=\"9365\" data-type=\"image\" class=\"fg-thumb\"><span class=\"fg-image-wrap\"><img decoding=\"async\" width=\"150\" height=\"150\" class=\"skip-lazy fg-image\" data-src-fg=\"https:\/\/www.artokora.de\/wp-content\/uploads\/cache\/2019\/01\/003-LichtBruecke-Detail-8\/1216109656.jpg\" src=\"data:image\/svg+xml,%3Csvg%20xmlns%3D%22http%3A%2F%2Fwww.w3.org%2F2000%2Fsvg%22%20width%3D%22150%22%20height%3D%22150%22%20viewBox%3D%220%200%20150%20150%22%3E%3C%2Fsvg%3E\" loading=\"eager\"><\/span><span class=\"fg-image-overlay\"><\/span><\/a><\/figure><div class=\"fg-loader\"><\/div><\/div><div class=\"fg-item fg-type-image fg-idle\"><figure class=\"fg-item-inner\"><a href=\"https:\/\/www.artokora.de\/wp-content\/uploads\/2019\/01\/003-LichtBruecke.jpg\" data-caption-title=\"Lichtbr\u00fccke\" data-attachment-id=\"8860\" data-type=\"image\" class=\"fg-thumb\"><span class=\"fg-image-wrap\"><img decoding=\"async\" title=\"Lichtbr\u00fccke\" width=\"150\" height=\"150\" class=\"skip-lazy fg-image\" data-src-fg=\"https:\/\/www.artokora.de\/wp-content\/uploads\/cache\/2019\/01\/003-LichtBruecke\/3249333746.jpg\" src=\"data:image\/svg+xml,%3Csvg%20xmlns%3D%22http%3A%2F%2Fwww.w3.org%2F2000%2Fsvg%22%20width%3D%22150%22%20height%3D%22150%22%20viewBox%3D%220%200%20150%20150%22%3E%3C%2Fsvg%3E\" loading=\"eager\"><\/span><span class=\"fg-image-overlay\"><\/span><\/a><figcaption class=\"fg-caption\"><div class=\"fg-caption-inner\"><div class=\"fg-caption-title\">Lichtbr\u00fccke<\/div><\/div><\/figcaption><\/figure><div class=\"fg-loader\"><\/div><\/div><\/div>\n\n\n\n<p>Br\u00fccke zum Licht<\/p>\n\n\n\n<p>In jedem Leben kommt der Augenblick, in dem die Welt als die facettenreiche Maya \u2013 die Welt der Gegens\u00e4tze und des vielfachen Leidens \u2013 gesehen werden kann. Auch wenn sich die Erde an vielen Pl\u00e4tzen rund um den Globus in den sch\u00f6nsten Bildern pr\u00e4sentiert. Trotzdem: Alles scheint Herbst zu werden. In allem Leben ist das Vergehen, das Sterben des stofflichen K\u00f6rpers eine notwendige Ver\u00e4nderung f\u00fcr die weitere Entfaltung des Mikrokosmos. Die zahllosen Versuche der Menschen in den gro\u00dfen Religionen in Ost und West den Weg zu einem h\u00f6heren Bewusstsein, zu der absoluten Wahrheit zu finden, sch\u00fcren nur das ungute Gef\u00fchl des Verlassenseins in den gigantischen Weiten des Universums. Wer sich vor diesen Inspirationen nicht versteckt, sondern die gewaltigen Hierarchien der Monaden als Ordnungsstruktur eines lebenden K\u00f6rpers erf\u00e4hrt, wird sich eindeutig auf die Evolution seines Mikrokosmos ausrichten, damit in ihm das h\u00f6here Begehren aus der Astralis und ein h\u00f6heres Denken aus der\u00a0 erneuerten Mentalis entstehen. Dadurch kann der Mensch einmal die Br\u00fccke zum Licht des Lebens und der Liebe zu allen Wesen des Alls erkennen.<\/p>\n\n\n\n<hr class=\"wp-block-separator\"\/>\n\n\n\n<p>Schreibe mir Deine Gedanken zum Text oder zum Bild \u00fcber <a href=\"http:\/\/www.artokora.de\/?page_id=74\"><strong>Kontakt<\/strong><\/a><\/p>\n\n\n\n<hr class=\"wp-block-separator\"\/>\n","protected":false},"excerpt":{"rendered":"<p>Bildtitel: 003 LichtBruecke, digital Composing, Format: 86 x 120 cm; Datei: 264 MB, 240 dpi; Datum: 13.12.2012 Br\u00fccke zum Licht In jedem Leben kommt der Augenblick, in dem die Welt als die facettenreiche Maya \u2013 die Welt der Gegens\u00e4tze und des vielfachen Leidens \u2013 gesehen werden kann. Auch wenn sich die Erde an vielen Pl\u00e4tzen &hellip; <\/p>\n<p class=\"link-more\"><a href=\"https:\/\/www.artokora.de\/?page_id=9391\" class=\"more-link\"><span class=\"screen-reader-text\">\u201eLichtbr\u00fccke\u201c<\/span> weiterlesen<\/a><\/p>\n","protected":false},"author":2,"featured_media":8860,"parent":5049,"menu_order":3,"comment_status":"closed","ping_status":"closed","template":"","meta":{"footnotes":""},"class_list":["post-9391","page","type-page","status-publish","has-post-thumbnail","hentry"],"_links":{"self":[{"href":"https:\/\/www.artokora.de\/index.php?rest_route=\/wp\/v2\/pages\/9391"}],"collection":[{"href":"https:\/\/www.artokora.de\/index.php?rest_route=\/wp\/v2\/pages"}],"about":[{"href":"https:\/\/www.artokora.de\/index.php?rest_route=\/wp\/v2\/types\/page"}],"author":[{"embeddable":true,"href":"https:\/\/www.artokora.de\/index.php?rest_route=\/wp\/v2\/users\/2"}],"replies":[{"embeddable":true,"href":"https:\/\/www.artokora.de\/index.php?rest_route=%2Fwp%2Fv2%2Fcomments&post=9391"}],"version-history":[{"count":5,"href":"https:\/\/www.artokora.de\/index.php?rest_route=\/wp\/v2\/pages\/9391\/revisions"}],"predecessor-version":[{"id":10962,"href":"https:\/\/www.artokora.de\/index.php?rest_route=\/wp\/v2\/pages\/9391\/revisions\/10962"}],"up":[{"embeddable":true,"href":"https:\/\/www.artokora.de\/index.php?rest_route=\/wp\/v2\/pages\/5049"}],"wp:featuredmedia":[{"embeddable":true,"href":"https:\/\/www.artokora.de\/index.php?rest_route=\/wp\/v2\/media\/8860"}],"wp:attachment":[{"href":"https:\/\/www.artokora.de\/index.php?rest_route=%2Fwp%2Fv2%2Fmedia&parent=9391"}],"curies":[{"name":"wp","href":"https:\/\/api.w.org\/{rel}","templated":true}]}}