{"id":9382,"date":"2019-01-24T14:43:52","date_gmt":"2019-01-24T12:43:52","guid":{"rendered":"http:\/\/www.artokora.de\/?page_id=9382"},"modified":"2020-06-01T10:05:59","modified_gmt":"2020-06-01T08:05:59","slug":"evolution","status":"publish","type":"page","link":"https:\/\/www.artokora.de\/?page_id=9382","title":{"rendered":"Evolution"},"content":{"rendered":"\n<p><\/p>\n\n\n\n<p>Bildtitel: NaturExpansion, digitale Komposition, Format: 75 x 75 cm; Datei: 224 MB; Datum: 04.08.2016<\/p>\n\n\n<style type=\"text\/css\">\n#foogallery-gallery-9342 .fg-image { width: 150px; }\n#foogallery-gallery-9342 { --fg-gutter: 10px; }<\/style>\n\t\t\t<div class=\"foogallery foogallery-container foogallery-default foogallery-lightbox-foobox fg-center fg-default fg-ready fg-light fg-border-thin fg-shadow-outline fg-loading-default fg-loaded-fade-in fg-caption-hover fg-hover-fade fg-hover-zoom\" id=\"foogallery-gallery-9342\" data-foogallery=\"{&quot;item&quot;:{&quot;showCaptionTitle&quot;:true,&quot;showCaptionDescription&quot;:true},&quot;lazy&quot;:true}\" style=\"--fg-title-line-clamp: 0; --fg-description-line-clamp: 0;\" >\n\t<div class=\"fg-item fg-type-image fg-idle\"><figure class=\"fg-item-inner\"><a href=\"https:\/\/www.artokora.de\/wp-content\/uploads\/2016\/08\/007-Naturexplosion-Detail-9.jpg\" data-attachment-id=\"7011\" data-type=\"image\" class=\"fg-thumb\"><span class=\"fg-image-wrap\"><img decoding=\"async\" width=\"150\" height=\"150\" class=\"skip-lazy fg-image\" data-src-fg=\"https:\/\/www.artokora.de\/wp-content\/uploads\/cache\/2016\/08\/007-Naturexplosion-Detail-9\/626550350.jpg\" src=\"data:image\/svg+xml,%3Csvg%20xmlns%3D%22http%3A%2F%2Fwww.w3.org%2F2000%2Fsvg%22%20width%3D%22150%22%20height%3D%22150%22%20viewBox%3D%220%200%20150%20150%22%3E%3C%2Fsvg%3E\" loading=\"eager\"><\/span><span class=\"fg-image-overlay\"><\/span><\/a><\/figure><div class=\"fg-loader\"><\/div><\/div><div class=\"fg-item fg-type-image fg-idle\"><figure class=\"fg-item-inner\"><a href=\"https:\/\/www.artokora.de\/wp-content\/uploads\/2016\/08\/007-Naturexplosion-Detail-8.jpg\" data-attachment-id=\"7010\" data-type=\"image\" class=\"fg-thumb\"><span class=\"fg-image-wrap\"><img decoding=\"async\" width=\"150\" height=\"150\" class=\"skip-lazy fg-image\" data-src-fg=\"https:\/\/www.artokora.de\/wp-content\/uploads\/cache\/2016\/08\/007-Naturexplosion-Detail-8\/1466881830.jpg\" src=\"data:image\/svg+xml,%3Csvg%20xmlns%3D%22http%3A%2F%2Fwww.w3.org%2F2000%2Fsvg%22%20width%3D%22150%22%20height%3D%22150%22%20viewBox%3D%220%200%20150%20150%22%3E%3C%2Fsvg%3E\" loading=\"eager\"><\/span><span class=\"fg-image-overlay\"><\/span><\/a><\/figure><div class=\"fg-loader\"><\/div><\/div><div class=\"fg-item fg-type-image fg-idle\"><figure class=\"fg-item-inner\"><a href=\"https:\/\/www.artokora.de\/wp-content\/uploads\/2016\/08\/007-Naturexplosion-Detail-7.jpg\" data-attachment-id=\"7009\" data-type=\"image\" class=\"fg-thumb\"><span class=\"fg-image-wrap\"><img decoding=\"async\" width=\"150\" height=\"150\" class=\"skip-lazy fg-image\" data-src-fg=\"https:\/\/www.artokora.de\/wp-content\/uploads\/cache\/2016\/08\/007-Naturexplosion-Detail-7\/2415928211.jpg\" src=\"data:image\/svg+xml,%3Csvg%20xmlns%3D%22http%3A%2F%2Fwww.w3.org%2F2000%2Fsvg%22%20width%3D%22150%22%20height%3D%22150%22%20viewBox%3D%220%200%20150%20150%22%3E%3C%2Fsvg%3E\" loading=\"eager\"><\/span><span class=\"fg-image-overlay\"><\/span><\/a><\/figure><div class=\"fg-loader\"><\/div><\/div><div class=\"fg-item fg-type-image fg-idle\"><figure class=\"fg-item-inner\"><a href=\"https:\/\/www.artokora.de\/wp-content\/uploads\/2016\/08\/007-Naturexplosion-Detail-6.jpg\" data-attachment-id=\"7008\" data-type=\"image\" class=\"fg-thumb\"><span class=\"fg-image-wrap\"><img decoding=\"async\" width=\"150\" height=\"150\" class=\"skip-lazy fg-image\" data-src-fg=\"https:\/\/www.artokora.de\/wp-content\/uploads\/cache\/2016\/08\/007-Naturexplosion-Detail-6\/3795227387.jpg\" src=\"data:image\/svg+xml,%3Csvg%20xmlns%3D%22http%3A%2F%2Fwww.w3.org%2F2000%2Fsvg%22%20width%3D%22150%22%20height%3D%22150%22%20viewBox%3D%220%200%20150%20150%22%3E%3C%2Fsvg%3E\" loading=\"eager\"><\/span><span class=\"fg-image-overlay\"><\/span><\/a><\/figure><div class=\"fg-loader\"><\/div><\/div><div class=\"fg-item fg-type-image fg-idle\"><figure class=\"fg-item-inner\"><a href=\"https:\/\/www.artokora.de\/wp-content\/uploads\/2016\/08\/007-Naturexplosion-Detail-5.jpg\" data-attachment-id=\"7007\" data-type=\"image\" class=\"fg-thumb\"><span class=\"fg-image-wrap\"><img decoding=\"async\" width=\"150\" height=\"150\" class=\"skip-lazy fg-image\" data-src-fg=\"https:\/\/www.artokora.de\/wp-content\/uploads\/cache\/2016\/08\/007-Naturexplosion-Detail-5\/389943343.jpg\" src=\"data:image\/svg+xml,%3Csvg%20xmlns%3D%22http%3A%2F%2Fwww.w3.org%2F2000%2Fsvg%22%20width%3D%22150%22%20height%3D%22150%22%20viewBox%3D%220%200%20150%20150%22%3E%3C%2Fsvg%3E\" loading=\"eager\"><\/span><span class=\"fg-image-overlay\"><\/span><\/a><\/figure><div class=\"fg-loader\"><\/div><\/div><div class=\"fg-item fg-type-image fg-idle\"><figure class=\"fg-item-inner\"><a href=\"https:\/\/www.artokora.de\/wp-content\/uploads\/2016\/08\/007-Naturexplosion-Detail-4.jpg\" data-attachment-id=\"7006\" data-type=\"image\" class=\"fg-thumb\"><span class=\"fg-image-wrap\"><img decoding=\"async\" width=\"150\" height=\"150\" class=\"skip-lazy fg-image\" data-src-fg=\"https:\/\/www.artokora.de\/wp-content\/uploads\/cache\/2016\/08\/007-Naturexplosion-Detail-4\/1695064391.jpg\" src=\"data:image\/svg+xml,%3Csvg%20xmlns%3D%22http%3A%2F%2Fwww.w3.org%2F2000%2Fsvg%22%20width%3D%22150%22%20height%3D%22150%22%20viewBox%3D%220%200%20150%20150%22%3E%3C%2Fsvg%3E\" loading=\"eager\"><\/span><span class=\"fg-image-overlay\"><\/span><\/a><\/figure><div class=\"fg-loader\"><\/div><\/div><div class=\"fg-item fg-type-image fg-idle\"><figure class=\"fg-item-inner\"><a href=\"https:\/\/www.artokora.de\/wp-content\/uploads\/2016\/08\/007-Naturexplosion-Detail-3.jpg\" data-attachment-id=\"7005\" data-type=\"image\" class=\"fg-thumb\"><span class=\"fg-image-wrap\"><img decoding=\"async\" width=\"150\" height=\"150\" class=\"skip-lazy fg-image\" data-src-fg=\"https:\/\/www.artokora.de\/wp-content\/uploads\/cache\/2016\/08\/007-Naturexplosion-Detail-3\/1998158853.jpg\" src=\"data:image\/svg+xml,%3Csvg%20xmlns%3D%22http%3A%2F%2Fwww.w3.org%2F2000%2Fsvg%22%20width%3D%22150%22%20height%3D%22150%22%20viewBox%3D%220%200%20150%20150%22%3E%3C%2Fsvg%3E\" loading=\"eager\"><\/span><span class=\"fg-image-overlay\"><\/span><\/a><\/figure><div class=\"fg-loader\"><\/div><\/div><div class=\"fg-item fg-type-image fg-idle\"><figure class=\"fg-item-inner\"><a href=\"https:\/\/www.artokora.de\/wp-content\/uploads\/2016\/08\/007-Naturexplosion-Detail-2.jpg\" data-attachment-id=\"7004\" data-type=\"image\" class=\"fg-thumb\"><span class=\"fg-image-wrap\"><img decoding=\"async\" width=\"150\" height=\"150\" class=\"skip-lazy fg-image\" data-src-fg=\"https:\/\/www.artokora.de\/wp-content\/uploads\/cache\/2016\/08\/007-Naturexplosion-Detail-2\/87018861.jpg\" src=\"data:image\/svg+xml,%3Csvg%20xmlns%3D%22http%3A%2F%2Fwww.w3.org%2F2000%2Fsvg%22%20width%3D%22150%22%20height%3D%22150%22%20viewBox%3D%220%200%20150%20150%22%3E%3C%2Fsvg%3E\" loading=\"eager\"><\/span><span class=\"fg-image-overlay\"><\/span><\/a><\/figure><div class=\"fg-loader\"><\/div><\/div><div class=\"fg-item fg-type-image fg-idle\"><figure class=\"fg-item-inner\"><a href=\"https:\/\/www.artokora.de\/wp-content\/uploads\/2016\/08\/007-Naturexplosion-Detail-1-1.jpg\" data-attachment-id=\"7003\" data-type=\"image\" class=\"fg-thumb\"><span class=\"fg-image-wrap\"><img decoding=\"async\" width=\"150\" height=\"150\" class=\"skip-lazy fg-image\" data-src-fg=\"https:\/\/www.artokora.de\/wp-content\/uploads\/cache\/2016\/08\/007-Naturexplosion-Detail-1-1\/2519021244.jpg\" src=\"data:image\/svg+xml,%3Csvg%20xmlns%3D%22http%3A%2F%2Fwww.w3.org%2F2000%2Fsvg%22%20width%3D%22150%22%20height%3D%22150%22%20viewBox%3D%220%200%20150%20150%22%3E%3C%2Fsvg%3E\" loading=\"eager\"><\/span><span class=\"fg-image-overlay\"><\/span><\/a><\/figure><div class=\"fg-loader\"><\/div><\/div><div class=\"fg-item fg-type-image fg-idle\"><figure class=\"fg-item-inner\"><a href=\"https:\/\/www.artokora.de\/wp-content\/uploads\/2016\/08\/007-NaturExpansion.jpg\" data-attachment-id=\"7000\" data-type=\"image\" class=\"fg-thumb\"><span class=\"fg-image-wrap\"><img decoding=\"async\" width=\"150\" height=\"150\" class=\"skip-lazy fg-image\" data-src-fg=\"https:\/\/www.artokora.de\/wp-content\/uploads\/cache\/2016\/08\/007-NaturExpansion\/273706923.jpg\" src=\"data:image\/svg+xml,%3Csvg%20xmlns%3D%22http%3A%2F%2Fwww.w3.org%2F2000%2Fsvg%22%20width%3D%22150%22%20height%3D%22150%22%20viewBox%3D%220%200%20150%20150%22%3E%3C%2Fsvg%3E\" loading=\"eager\"><\/span><span class=\"fg-image-overlay\"><\/span><\/a><\/figure><div class=\"fg-loader\"><\/div><\/div><\/div>\n\n\n\n<p><strong><em>Evolution<\/em><\/strong> <br> Die Herrschaft einer kultivierten Unbewusstheit gegen\u00fcber den fundamentalen Prinzipien des Lebendigseins spiegelt sich im allgemeinen in einer Denkhaltung, die wohl allseits um Wissen bem\u00fcht ist, das jedoch vor allem der materiellen Selbsterhaltung und Machtentfaltung des eigenen Ego im \u00dcberlebenskampf dient. Sich selbst gegen\u00fcber aber verharrt der Mensch meistens seiner urspr\u00fcnglichen Natur nach in seinen autorisierten Vorstellungen, die auf der Basis eines nat\u00fcrlichen Materialismus entstanden sind. Durch Misserfolge und verinnerlichte \u00c4ngste gehemmt und belastet muss der denkende Mensch erst noch ein Wesen entwickeln, ein Menschsein mit einem wahrlich verbesserten Erfassen und Bedenken seiner mikrokosmischen Natur, einem neuen Erwachtsein, das auf den Stufen der kosmischen Evolution das anstehende Ergebnis f\u00fcr die Menschheit sein soll. <br> Dies wird den \u00dcbergang von einer stofflichen Vervollkommnung im Rahmen der materiellen Natur zu einer weiteren Entfaltung im Rahmen der \u00e4therich-astralen Natur darstellen. Damit wird sich eine bislang ungekannte Einsicht in jene Lebensfelder einstellen, die nicht l\u00e4nger im Dunkel der Unkenntnis gr\u00fcndet, sondern im Lichte eines erneuerten Denkverm\u00f6gens steht. Damit werden Erkennen, Wahrnehmen, Bedenken und Beurteilen der naturgegebenen Seinsprozesse in die umfassenden Lebensfelder aus \u00c4ther, Astralis und Mentalis des Kosmos eingebettet, in dem alle Lebensformen auch der unstofflichen Welten transparent und \u00fcberschaubar werden. <\/p>\n\n\n\n<p>Dieser Entfaltungsprozess der irdischen Natur, von der Materie und den niederen unstofflichen Kraftfeldern bis zu den h\u00f6heren astralen und mentalen Verm\u00f6gen des Mikrokosmos und dar\u00fcber hinaus, findet auf zweifache Weise statt: Das eine ist ein \u00e4u\u00dferlich sichtbarer Vorgang der k\u00f6rperlichen Entwicklung in einem spiraligen Prozess von der stofflichen Geburt bis zu seinem Tode, und dar\u00fcber hinaus durch vielf\u00e4ltige Erfahrungen in den transpersonalen Lebensgebieten des Jenseits. Unter der Leitung seiner Monade reift der Mikrokosmos w\u00e4hrend unz\u00e4hliger Inkarnationen, die angef\u00fcllt sind mit den erforderlichen Erfahrungen und Einsichten, um im Wesen die Voraussetzungen f\u00fcr das Erfassen und Bedenken der mikrokosmischen und kosmischen Perspektiven zu schaffen. Dabei ist die Weiter-Entwicklung des Mikrokosmos mit der irdischen Wiedergeburt ein v\u00f6llig nat\u00fcrliches Geschehen zu immer h\u00f6herer Entfaltung der unstofflichen Sph\u00e4ren bis in die nirvanischen Lebensfelder. <\/p>\n\n\n\n<p>Eine grobstoffliche Evolution, wie sie von Darwin und anderen Forschern deklariert wurde, kann nicht geschehen ohne eine interkosmische Evolution in allen sieben Lebensfeldern.  Eine solche Entwicklung innerhalb der materiellen Natur w\u00fcrde einen ineffektiven Kreislauf des Werdens und Vergehens auf einer einzigen Seinsebene bedeuten. Jeder Mensch bliebe dann lediglich ein verg\u00e4ngliches Werkzeug ohne Sinn  und Ziel. Darum kommt die treibende Kraft zur Vollendung des Menschen \u00fcber seine Monade, das kosmisches Grundprinzip des universalen Bewusstseins. Dieses befeuert im irdischen Kosmos und den Mikrokosmen \u00fcber die sich erneuernde Astralis und Mentalis  die steten Wiedergeburten als eine unerl\u00e4ssliche Voraussetzung f\u00fcr jegliche Weiterentwicklung der individuellen Wesen, die kosmische Evolution. <br> Es ist doch unerl\u00e4sslich zu bedenken, dass jedes materielle Leben in die unstofflichen transpersonalen Felder des Kosmos eingef\u00fcgt ist. Diese sieben Lebensfelder sind voller Leben, auch unstoffliche Wesen tragen zum Erhalt der Lebensf\u00e4higkeit im Kosmos Erde bei. Auch wenn die materielle Perspektive diese Prozesse ignoriert, k\u00f6nnen die naturwissenschaftlichen Forscher ohne sie nicht existieren. Das ist niemals zu vergessen. Alle Wesen und Entit\u00e4ten der Natur sind Mitwirkende im Kosmos Erde, die selbst als Wesen im planetaren Sonnensystem lebt. Darum sind alle irdischen Lebenswellen mit ihren Mikrokosmen f\u00fcr die gemeinsame Evolution betroffen und mitverantwortlich. Es sollte sich doch jeder intelligente Mensch fragen, ob ein supramentales Denken erforderlich ist, um diese Einheit allen Lebens zu erfassen, wie das kosmische Leben sich zu allen Zeiten in der allumfassenden Einheit mit Liebe und Wahrheit im Sonnenlogos entwickelt.<\/p>\n\n\n\n<hr class=\"wp-block-separator\"\/>\n\n\n\n<p>Sende mir Deine Gedanken zu diesem Text und Bild \u00fcber <a href=\"http:\/\/www.artokora.de\/?page_id=74\"><strong>Kontakt<\/strong><\/a><\/p>\n\n\n\n<hr class=\"wp-block-separator\"\/>\n","protected":false},"excerpt":{"rendered":"<p>Bildtitel: NaturExpansion, digitale Komposition, Format: 75 x 75 cm; Datei: 224 MB; Datum: 04.08.2016 Evolution Die Herrschaft einer kultivierten Unbewusstheit gegen\u00fcber den fundamentalen Prinzipien des Lebendigseins spiegelt sich im allgemeinen in einer Denkhaltung, die wohl allseits um Wissen bem\u00fcht ist, das jedoch vor allem der materiellen Selbsterhaltung und Machtentfaltung des eigenen Ego im \u00dcberlebenskampf dient. &hellip; <\/p>\n<p class=\"link-more\"><a href=\"https:\/\/www.artokora.de\/?page_id=9382\" class=\"more-link\"><span class=\"screen-reader-text\">\u201eEvolution\u201c<\/span> weiterlesen<\/a><\/p>\n","protected":false},"author":2,"featured_media":7013,"parent":5049,"menu_order":0,"comment_status":"closed","ping_status":"closed","template":"","meta":{"footnotes":""},"class_list":["post-9382","page","type-page","status-publish","has-post-thumbnail","hentry"],"_links":{"self":[{"href":"https:\/\/www.artokora.de\/index.php?rest_route=\/wp\/v2\/pages\/9382"}],"collection":[{"href":"https:\/\/www.artokora.de\/index.php?rest_route=\/wp\/v2\/pages"}],"about":[{"href":"https:\/\/www.artokora.de\/index.php?rest_route=\/wp\/v2\/types\/page"}],"author":[{"embeddable":true,"href":"https:\/\/www.artokora.de\/index.php?rest_route=\/wp\/v2\/users\/2"}],"replies":[{"embeddable":true,"href":"https:\/\/www.artokora.de\/index.php?rest_route=%2Fwp%2Fv2%2Fcomments&post=9382"}],"version-history":[{"count":7,"href":"https:\/\/www.artokora.de\/index.php?rest_route=\/wp\/v2\/pages\/9382\/revisions"}],"predecessor-version":[{"id":10919,"href":"https:\/\/www.artokora.de\/index.php?rest_route=\/wp\/v2\/pages\/9382\/revisions\/10919"}],"up":[{"embeddable":true,"href":"https:\/\/www.artokora.de\/index.php?rest_route=\/wp\/v2\/pages\/5049"}],"wp:featuredmedia":[{"embeddable":true,"href":"https:\/\/www.artokora.de\/index.php?rest_route=\/wp\/v2\/media\/7013"}],"wp:attachment":[{"href":"https:\/\/www.artokora.de\/index.php?rest_route=%2Fwp%2Fv2%2Fmedia&parent=9382"}],"curies":[{"name":"wp","href":"https:\/\/api.w.org\/{rel}","templated":true}]}}