{"id":9371,"date":"2019-01-24T14:34:39","date_gmt":"2019-01-24T12:34:39","guid":{"rendered":"http:\/\/www.artokora.de\/?page_id=9371"},"modified":"2020-06-04T18:07:13","modified_gmt":"2020-06-04T16:07:13","slug":"ikaros-und-daidalos","status":"publish","type":"page","link":"https:\/\/www.artokora.de\/?page_id=9371","title":{"rendered":"Ikaros und Daidalos"},"content":{"rendered":"\n<p>Bildtitel: 012 Ikarus, digital Composing, Format: 50 x 70 cm; Datei: 140 MB, 300 dpi; Datum 2019<\/p>\n\n\n<style type=\"text\/css\">\n#foogallery-gallery-9375 .fg-image { width: 150px; }\n#foogallery-gallery-9375 { --fg-gutter: 10px; }<\/style>\n\t\t\t<div class=\"foogallery foogallery-container foogallery-default foogallery-lightbox-foobox fg-center fg-default fg-ready fg-light fg-border-thin fg-shadow-outline fg-loading-default fg-loaded-fade-in fg-caption-hover fg-hover-fade fg-hover-zoom\" id=\"foogallery-gallery-9375\" data-foogallery=\"{&quot;item&quot;:{&quot;showCaptionTitle&quot;:true,&quot;showCaptionDescription&quot;:true},&quot;lazy&quot;:true}\" style=\"--fg-title-line-clamp: 0; --fg-description-line-clamp: 0;\" >\n\t<div class=\"fg-item fg-type-image fg-idle\"><figure class=\"fg-item-inner\"><a href=\"https:\/\/www.artokora.de\/wp-content\/uploads\/2016\/10\/012-Ikarus-1.jpg\" data-caption-title=\"Ikarus 16\" data-attachment-id=\"7237\" data-type=\"image\" class=\"fg-thumb\"><span class=\"fg-image-wrap\"><img decoding=\"async\" title=\"Ikarus 16\" width=\"150\" height=\"150\" class=\"skip-lazy fg-image\" data-src-fg=\"https:\/\/www.artokora.de\/wp-content\/uploads\/cache\/2016\/10\/012-Ikarus-1\/139179769.jpg\" src=\"data:image\/svg+xml,%3Csvg%20xmlns%3D%22http%3A%2F%2Fwww.w3.org%2F2000%2Fsvg%22%20width%3D%22150%22%20height%3D%22150%22%20viewBox%3D%220%200%20150%20150%22%3E%3C%2Fsvg%3E\" loading=\"eager\"><\/span><span class=\"fg-image-overlay\"><\/span><\/a><figcaption class=\"fg-caption\"><div class=\"fg-caption-inner\"><div class=\"fg-caption-title\">Ikarus 16<\/div><\/div><\/figcaption><\/figure><div class=\"fg-loader\"><\/div><\/div><div class=\"fg-item fg-type-image fg-idle\"><figure class=\"fg-item-inner\"><a href=\"https:\/\/www.artokora.de\/wp-content\/uploads\/2016\/10\/012-Ikarus-Details-7.jpg\" data-attachment-id=\"7236\" data-type=\"image\" class=\"fg-thumb\"><span class=\"fg-image-wrap\"><img decoding=\"async\" width=\"150\" height=\"150\" class=\"skip-lazy fg-image\" data-src-fg=\"https:\/\/www.artokora.de\/wp-content\/uploads\/cache\/2016\/10\/012-Ikarus-Details-7\/3245071002.jpg\" src=\"data:image\/svg+xml,%3Csvg%20xmlns%3D%22http%3A%2F%2Fwww.w3.org%2F2000%2Fsvg%22%20width%3D%22150%22%20height%3D%22150%22%20viewBox%3D%220%200%20150%20150%22%3E%3C%2Fsvg%3E\" loading=\"eager\"><\/span><span class=\"fg-image-overlay\"><\/span><\/a><\/figure><div class=\"fg-loader\"><\/div><\/div><div class=\"fg-item fg-type-image fg-idle\"><figure class=\"fg-item-inner\"><a href=\"https:\/\/www.artokora.de\/wp-content\/uploads\/2016\/10\/012-Ikarus-Details-6.jpg\" data-attachment-id=\"7235\" data-type=\"image\" class=\"fg-thumb\"><span class=\"fg-image-wrap\"><img decoding=\"async\" width=\"150\" height=\"150\" class=\"skip-lazy fg-image\" data-src-fg=\"https:\/\/www.artokora.de\/wp-content\/uploads\/cache\/2016\/10\/012-Ikarus-Details-6\/3422749747.jpg\" src=\"data:image\/svg+xml,%3Csvg%20xmlns%3D%22http%3A%2F%2Fwww.w3.org%2F2000%2Fsvg%22%20width%3D%22150%22%20height%3D%22150%22%20viewBox%3D%220%200%20150%20150%22%3E%3C%2Fsvg%3E\" loading=\"eager\"><\/span><span class=\"fg-image-overlay\"><\/span><\/a><\/figure><div class=\"fg-loader\"><\/div><\/div><div class=\"fg-item fg-type-image fg-idle\"><figure class=\"fg-item-inner\"><a href=\"https:\/\/www.artokora.de\/wp-content\/uploads\/2016\/10\/012-Ikarus-Details-5.jpg\" data-attachment-id=\"7234\" data-type=\"image\" class=\"fg-thumb\"><span class=\"fg-image-wrap\"><img decoding=\"async\" width=\"150\" height=\"150\" class=\"skip-lazy fg-image\" data-src-fg=\"https:\/\/www.artokora.de\/wp-content\/uploads\/cache\/2016\/10\/012-Ikarus-Details-5\/3034756098.jpg\" src=\"data:image\/svg+xml,%3Csvg%20xmlns%3D%22http%3A%2F%2Fwww.w3.org%2F2000%2Fsvg%22%20width%3D%22150%22%20height%3D%22150%22%20viewBox%3D%220%200%20150%20150%22%3E%3C%2Fsvg%3E\" loading=\"eager\"><\/span><span class=\"fg-image-overlay\"><\/span><\/a><\/figure><div class=\"fg-loader\"><\/div><\/div><div class=\"fg-item fg-type-image fg-idle\"><figure class=\"fg-item-inner\"><a href=\"https:\/\/www.artokora.de\/wp-content\/uploads\/2016\/10\/012-Ikarus-Details-4.jpg\" data-attachment-id=\"7233\" data-type=\"image\" class=\"fg-thumb\"><span class=\"fg-image-wrap\"><img decoding=\"async\" width=\"150\" height=\"150\" class=\"skip-lazy fg-image\" data-src-fg=\"https:\/\/www.artokora.de\/wp-content\/uploads\/cache\/2016\/10\/012-Ikarus-Details-4\/3604134241.jpg\" src=\"data:image\/svg+xml,%3Csvg%20xmlns%3D%22http%3A%2F%2Fwww.w3.org%2F2000%2Fsvg%22%20width%3D%22150%22%20height%3D%22150%22%20viewBox%3D%220%200%20150%20150%22%3E%3C%2Fsvg%3E\" loading=\"eager\"><\/span><span class=\"fg-image-overlay\"><\/span><\/a><\/figure><div class=\"fg-loader\"><\/div><\/div><div class=\"fg-item fg-type-image fg-idle\"><figure class=\"fg-item-inner\"><a href=\"https:\/\/www.artokora.de\/wp-content\/uploads\/2016\/10\/012-Ikarus-Details-3.jpg\" data-attachment-id=\"7232\" data-type=\"image\" class=\"fg-thumb\"><span class=\"fg-image-wrap\"><img decoding=\"async\" width=\"150\" height=\"150\" class=\"skip-lazy fg-image\" data-src-fg=\"https:\/\/www.artokora.de\/wp-content\/uploads\/cache\/2016\/10\/012-Ikarus-Details-3\/712574890.jpg\" src=\"data:image\/svg+xml,%3Csvg%20xmlns%3D%22http%3A%2F%2Fwww.w3.org%2F2000%2Fsvg%22%20width%3D%22150%22%20height%3D%22150%22%20viewBox%3D%220%200%20150%20150%22%3E%3C%2Fsvg%3E\" loading=\"eager\"><\/span><span class=\"fg-image-overlay\"><\/span><\/a><\/figure><div class=\"fg-loader\"><\/div><\/div><div class=\"fg-item fg-type-image fg-idle\"><figure class=\"fg-item-inner\"><a href=\"https:\/\/www.artokora.de\/wp-content\/uploads\/2016\/10\/012-Ikarus-Details-2.jpg\" data-attachment-id=\"7231\" data-type=\"image\" class=\"fg-thumb\"><span class=\"fg-image-wrap\"><img decoding=\"async\" width=\"150\" height=\"150\" class=\"skip-lazy fg-image\" data-src-fg=\"https:\/\/www.artokora.de\/wp-content\/uploads\/cache\/2016\/10\/012-Ikarus-Details-2\/655481091.jpg\" src=\"data:image\/svg+xml,%3Csvg%20xmlns%3D%22http%3A%2F%2Fwww.w3.org%2F2000%2Fsvg%22%20width%3D%22150%22%20height%3D%22150%22%20viewBox%3D%220%200%20150%20150%22%3E%3C%2Fsvg%3E\" loading=\"eager\"><\/span><span class=\"fg-image-overlay\"><\/span><\/a><\/figure><div class=\"fg-loader\"><\/div><\/div><div class=\"fg-item fg-type-image fg-idle\"><figure class=\"fg-item-inner\"><a href=\"https:\/\/www.artokora.de\/wp-content\/uploads\/2016\/10\/012-Ikarus-Details-1.jpg\" data-attachment-id=\"7230\" data-type=\"image\" class=\"fg-thumb\"><span class=\"fg-image-wrap\"><img decoding=\"async\" width=\"150\" height=\"150\" class=\"skip-lazy fg-image\" data-src-fg=\"https:\/\/www.artokora.de\/wp-content\/uploads\/cache\/2016\/10\/012-Ikarus-Details-1\/1609591090.jpg\" src=\"data:image\/svg+xml,%3Csvg%20xmlns%3D%22http%3A%2F%2Fwww.w3.org%2F2000%2Fsvg%22%20width%3D%22150%22%20height%3D%22150%22%20viewBox%3D%220%200%20150%20150%22%3E%3C%2Fsvg%3E\" loading=\"eager\"><\/span><span class=\"fg-image-overlay\"><\/span><\/a><\/figure><div class=\"fg-loader\"><\/div><\/div><div class=\"fg-item fg-type-image fg-idle\"><figure class=\"fg-item-inner\"><a href=\"https:\/\/www.artokora.de\/wp-content\/uploads\/2016\/10\/012-Ikarus.jpg\" data-attachment-id=\"7228\" data-type=\"image\" class=\"fg-thumb\"><span class=\"fg-image-wrap\"><img decoding=\"async\" width=\"150\" height=\"150\" class=\"skip-lazy fg-image\" data-src-fg=\"https:\/\/www.artokora.de\/wp-content\/uploads\/cache\/2016\/10\/012-Ikarus\/2698705871.jpg\" src=\"data:image\/svg+xml,%3Csvg%20xmlns%3D%22http%3A%2F%2Fwww.w3.org%2F2000%2Fsvg%22%20width%3D%22150%22%20height%3D%22150%22%20viewBox%3D%220%200%20150%20150%22%3E%3C%2Fsvg%3E\" loading=\"eager\"><\/span><span class=\"fg-image-overlay\"><\/span><\/a><\/figure><div class=\"fg-loader\"><\/div><\/div><\/div>\n\n\n\n<blockquote class=\"wp-block-quote is-layout-flow wp-block-quote-is-layout-flow\"><p><br><strong> Daidalos \u2026 Ikaros<\/strong><br> \u00a0<br> Ikaros ist ohne Daidalos nicht denkbar. In der griechischen Mythe wird Ikarus als Sohn des Daidalos genannt. Daidalos war ein gewaltiger Erfinder seiner Zeit. Er erfand f\u00fcr Ariadne und Theseus den Faden, der diesem half, wieder aus dem Labyrinth herauszufinden, nachdem er Minotaurus gefunden und get\u00f6tet hatte. <br> Der K\u00f6nig von Kreta, Minos verbannte daraufhin Daidalos und Ikaros in das Labyrinth.<br> Da die beiden das Land Kreta nicht \u00fcbers Meer verlassen konnten, ersann Daidalos, f\u00fcr sich und Ikaros Fl\u00fcgel aus k\u00fcnstlichen Federn und Wachs zu bauen, mit denen sie endg\u00fcltig das Labyrinth von Kreta verlassen konnten. Nach dem r\u00f6mischen Poeten Ovid gehorchte Ikaros nicht seinem Vater und kam darum der Sonne zu nahe, wodurch der Wachs schmolz und Ikaros ins Meer abst\u00fcrzte. Diese Interpretation der Sage ging dann in alle weiteren Geschichten \u00fcber Ikarus ein. Doch man muss zun\u00e4chst den Namen richtig \u00fcbertragen: Ikaros ist der im Herzen geborene; der Wortstamm <em>kar<\/em> bedeutet Herz.<br> \u00a0<br> Viele Denker und Dichter, die sich mit dieser griechischen Mythe auseinander gesetzt haben, haben das Mysterium dieser Befreiung nur halb verstanden. Das, was der r\u00f6mische Dichter Ovid \u00fcber Ikarus und seinem Vater Daidalos erz\u00e4hlte, passte gut in die Weltanschauung der r\u00f6mischen Gelehrten. Viele autorit\u00e4re P\u00e4dagogen benutzten fortan diese Geschichte des euphorischen J\u00fcnglings, der seinem Vater ungehorsam war, um die ihnen anvertrauten Kinder zu Gehorsam und Disziplin zu erziehen. <br> \u00a0<br> Jeder normale Sterbliche wird in dieser Mythe sofort erkennen, dass die Fl\u00fcgel aus Federn und Wachs, so plausibel diese Konstruktion auch klingen mag, keineswegs so stark befestigt gewesen sein konnten, um damit einen kr\u00e4ftigen jungen Mann in den Himmel zu tragen. Darum sollte diese Mythe vor allem allegorisch verstanden und \u00fcbertragen werden. Das Wachs und die Federn symbolisieren n\u00e4mlich ganz spezielle seelische Qualit\u00e4ten, die den Kandidaten im Labyrinth halfen, dem Wahnwitz der irdischen Welt zu entsteigen, nachdem sie mit Hilfe eines \u00fcberaus klugen Erfinders alle Bedr\u00e4ngnisse des Labyrinths \u00fcberstanden hatten. Der geistige Flug in die spirituelle Sonne kann nur unk\u00f6rperlich vollzogen werden. Dabei muss der Lichtsucher nat\u00fcrlich das materielle Kleid seines Wesens hier zur\u00fccklassen, um mit dem unstofflich erschaffenen Seelenkleid den Heimflug unbeschadet zu vollenden. <\/p><\/blockquote>\n\n\n\n<hr class=\"wp-block-separator\"\/>\n\n\n\n<p>Sende mir Deine Gedanken zum Text oder zum Bild \u00fcber <a href=\"http:\/\/www.artokora.de\/?page_id=74\"><strong>Kontakt<\/strong><\/a><\/p>\n\n\n\n<hr class=\"wp-block-separator\"\/>\n","protected":false},"excerpt":{"rendered":"<p>Bildtitel: 012 Ikarus, digital Composing, Format: 50 x 70 cm; Datei: 140 MB, 300 dpi; Datum 2019 Daidalos \u2026 Ikaros \u00a0 Ikaros ist ohne Daidalos nicht denkbar. In der griechischen Mythe wird Ikarus als Sohn des Daidalos genannt. Daidalos war ein gewaltiger Erfinder seiner Zeit. Er erfand f\u00fcr Ariadne und Theseus den Faden, der diesem &hellip; <\/p>\n<p class=\"link-more\"><a href=\"https:\/\/www.artokora.de\/?page_id=9371\" class=\"more-link\"><span class=\"screen-reader-text\">\u201eIkaros und Daidalos\u201c<\/span> weiterlesen<\/a><\/p>\n","protected":false},"author":2,"featured_media":7228,"parent":5049,"menu_order":0,"comment_status":"closed","ping_status":"closed","template":"","meta":{"footnotes":""},"class_list":["post-9371","page","type-page","status-publish","has-post-thumbnail","hentry"],"_links":{"self":[{"href":"https:\/\/www.artokora.de\/index.php?rest_route=\/wp\/v2\/pages\/9371"}],"collection":[{"href":"https:\/\/www.artokora.de\/index.php?rest_route=\/wp\/v2\/pages"}],"about":[{"href":"https:\/\/www.artokora.de\/index.php?rest_route=\/wp\/v2\/types\/page"}],"author":[{"embeddable":true,"href":"https:\/\/www.artokora.de\/index.php?rest_route=\/wp\/v2\/users\/2"}],"replies":[{"embeddable":true,"href":"https:\/\/www.artokora.de\/index.php?rest_route=%2Fwp%2Fv2%2Fcomments&post=9371"}],"version-history":[{"count":8,"href":"https:\/\/www.artokora.de\/index.php?rest_route=\/wp\/v2\/pages\/9371\/revisions"}],"predecessor-version":[{"id":10963,"href":"https:\/\/www.artokora.de\/index.php?rest_route=\/wp\/v2\/pages\/9371\/revisions\/10963"}],"up":[{"embeddable":true,"href":"https:\/\/www.artokora.de\/index.php?rest_route=\/wp\/v2\/pages\/5049"}],"wp:featuredmedia":[{"embeddable":true,"href":"https:\/\/www.artokora.de\/index.php?rest_route=\/wp\/v2\/media\/7228"}],"wp:attachment":[{"href":"https:\/\/www.artokora.de\/index.php?rest_route=%2Fwp%2Fv2%2Fmedia&parent=9371"}],"curies":[{"name":"wp","href":"https:\/\/api.w.org\/{rel}","templated":true}]}}