{"id":4772,"date":"2014-05-02T08:41:33","date_gmt":"2014-05-02T06:41:33","guid":{"rendered":"http:\/\/www.artokora.de\/?page_id=4772"},"modified":"2020-05-30T17:12:18","modified_gmt":"2020-05-30T15:12:18","slug":"portfolios","status":"publish","type":"page","link":"https:\/\/www.artokora.de\/?page_id=4772","title":{"rendered":"Galerie"},"content":{"rendered":"\n<p>Meine Galerie enth\u00e4lt Bilder, die ich bis 2000 gemalt, gezeichnet oder in Airbrush realisiert habe. Ab 1995 habe ich mich der Computer Edition mit Composing zugewendet. So zeigen die Rubriken Moderne Malerei vor allem digital gemalte Bilder.  <br>Auch die Bilder unter den Rubriken Dekorative Kunst und Daodejing sind digital am Computer erstellt. Die beigef\u00fcgten Texte nehmen Bezug auf die Komposition des Bildes. <\/p>\n\n\n\n<p>Alle Bilder k\u00f6nnen gekauft werden. Bitte geben Sie ihre W\u00fcnsche f\u00fcr die Produktion \u2013 Format, Bildtr\u00e4ger und Rahmung \u2013 uns \u00fcber die Kontaktm\u00f6glichkeit durch.<br>Per Mail werden ich Ihnen ein Angebot schicken.<\/p>\n\n\n\n<p>Die Reproduktionen werden in Fine-Art-Printing auf hochwertigsten Materialien und mit neuester Technologie von Profi-Print-Firmen durchgef\u00fchrt.<br> Als Papiere werden nur ausgew\u00e4hlte gesch\u00f6pfte Hahnem\u00fchle B\u00fcttepapiere, Folien oder Leinwand verwendet, die museumstauglich sind. Die Materialien sind s\u00e4urefrei, gepuffert und extrem langlebig ohne farbliche Ver\u00e4nderungen. Durch den Einsatz der pigmentierten Epson Ultrachrome Tinten werden die feinsten Farbabstufungen mit au\u00dfergew\u00f6hnlichem Tonwertreichtum abgebildet. Bei einer Wiedergabe bis 2880 dpi werden minimalste Details dargestellt. H\u00f6chste Anspr\u00fcche an Licht- und Farbbest\u00e4ndigkeit werden von den Epson Ultrachrome-Tinten erf\u00fcllt.<\/p>\n\n\n\n<p>Sonderw\u00fcnsche als Dia oder Print\nauf Leinwand mit Spannrahmen sind jederzeit nach Absprache m\u00f6glich. Beim\nFinishing stellen wir uns ganz auf Ihre W\u00fcnsche ein.<\/p>\n\n\n\n<p>Bei den digital erstellten Kunstwerken werden jeweils nur 20 limitierte und handsignierte Kunstwerke je Bild-Datei hergestellt.<\/p>\n\n\n\n<p><br><\/p>\n","protected":false},"excerpt":{"rendered":"<p>Meine Galerie enth\u00e4lt Bilder, die ich bis 2000 gemalt, gezeichnet oder in Airbrush realisiert habe. Ab 1995 habe ich mich der Computer Edition mit Composing zugewendet. So zeigen die Rubriken Moderne Malerei vor allem digital gemalte Bilder. Auch die Bilder unter den Rubriken Dekorative Kunst und Daodejing sind digital am Computer erstellt. Die beigef\u00fcgten Texte &hellip; <\/p>\n<p class=\"link-more\"><a href=\"https:\/\/www.artokora.de\/?page_id=4772\" class=\"more-link\"><span class=\"screen-reader-text\">\u201eGalerie\u201c<\/span> weiterlesen<\/a><\/p>\n","protected":false},"author":2,"featured_media":7340,"parent":0,"menu_order":2,"comment_status":"open","ping_status":"open","template":"","meta":{"footnotes":""},"class_list":["post-4772","page","type-page","status-publish","has-post-thumbnail","hentry"],"_links":{"self":[{"href":"https:\/\/www.artokora.de\/index.php?rest_route=\/wp\/v2\/pages\/4772"}],"collection":[{"href":"https:\/\/www.artokora.de\/index.php?rest_route=\/wp\/v2\/pages"}],"about":[{"href":"https:\/\/www.artokora.de\/index.php?rest_route=\/wp\/v2\/types\/page"}],"author":[{"embeddable":true,"href":"https:\/\/www.artokora.de\/index.php?rest_route=\/wp\/v2\/users\/2"}],"replies":[{"embeddable":true,"href":"https:\/\/www.artokora.de\/index.php?rest_route=%2Fwp%2Fv2%2Fcomments&post=4772"}],"version-history":[{"count":11,"href":"https:\/\/www.artokora.de\/index.php?rest_route=\/wp\/v2\/pages\/4772\/revisions"}],"predecessor-version":[{"id":10895,"href":"https:\/\/www.artokora.de\/index.php?rest_route=\/wp\/v2\/pages\/4772\/revisions\/10895"}],"wp:featuredmedia":[{"embeddable":true,"href":"https:\/\/www.artokora.de\/index.php?rest_route=\/wp\/v2\/media\/7340"}],"wp:attachment":[{"href":"https:\/\/www.artokora.de\/index.php?rest_route=%2Fwp%2Fv2%2Fmedia&parent=4772"}],"curies":[{"name":"wp","href":"https:\/\/api.w.org\/{rel}","templated":true}]}}