{"id":9385,"date":"2019-01-24T14:46:45","date_gmt":"2019-01-24T12:46:45","guid":{"rendered":"http:\/\/www.artokora.de\/?page_id=9385"},"modified":"2020-06-01T10:14:48","modified_gmt":"2020-06-01T08:14:48","slug":"feuerblume","status":"publish","type":"page","link":"http:\/\/www.artokora.de\/?page_id=9385","title":{"rendered":"Feuerblume"},"content":{"rendered":"\n<p>Bildtitel: 005 Feuerblume , digital Composing, Format: 50 x 70 cm; Datei: 150 MB, 311 dpi; Datum: 2019<\/p>\n\n\n<style type=\"text\/css\">\n#foogallery-gallery-9332 .fg-image { width: 150px; }\n#foogallery-gallery-9332 { --fg-gutter: 10px; }<\/style>\n\t\t\t<div class=\"foogallery foogallery-container foogallery-default foogallery-lightbox-foobox fg-center fg-default fg-ready fg-light fg-border-thin fg-shadow-outline fg-loading-default fg-loaded-fade-in fg-caption-hover fg-hover-fade fg-hover-zoom\" id=\"foogallery-gallery-9332\" data-foogallery=\"{&quot;item&quot;:{&quot;showCaptionTitle&quot;:true,&quot;showCaptionDescription&quot;:true},&quot;lazy&quot;:true}\" style=\"--fg-title-line-clamp: 0; --fg-description-line-clamp: 0;\" >\n\t<div class=\"fg-item fg-type-image fg-idle\"><figure class=\"fg-item-inner\"><a href=\"http:\/\/www.artokora.de\/wp-content\/uploads\/2018\/09\/005-Feuerblume-Detail-7.jpg\" data-caption-title=\"Feuerblume Detail 3\" data-attachment-id=\"8767\" data-type=\"image\" class=\"fg-thumb\"><span class=\"fg-image-wrap\"><img decoding=\"async\" title=\"Feuerblume Detail 3\" width=\"150\" height=\"150\" class=\"skip-lazy fg-image\" data-src-fg=\"http:\/\/www.artokora.de\/wp-content\/uploads\/cache\/2018\/09\/005-Feuerblume-Detail-7\/3946255485.jpg\" src=\"data:image\/svg+xml,%3Csvg%20xmlns%3D%22http%3A%2F%2Fwww.w3.org%2F2000%2Fsvg%22%20width%3D%22150%22%20height%3D%22150%22%20viewBox%3D%220%200%20150%20150%22%3E%3C%2Fsvg%3E\" loading=\"eager\"><\/span><span class=\"fg-image-overlay\"><\/span><\/a><figcaption class=\"fg-caption\"><div class=\"fg-caption-inner\"><div class=\"fg-caption-title\">Feuerblume Detail 3<\/div><\/div><\/figcaption><\/figure><div class=\"fg-loader\"><\/div><\/div><div class=\"fg-item fg-type-image fg-idle\"><figure class=\"fg-item-inner\"><a href=\"http:\/\/www.artokora.de\/wp-content\/uploads\/2018\/09\/005-Feuerblume-Detail-6.jpg\" data-caption-title=\"Feuerblume Detail 4\" data-attachment-id=\"8766\" data-type=\"image\" class=\"fg-thumb\"><span class=\"fg-image-wrap\"><img decoding=\"async\" title=\"Feuerblume Detail 4\" width=\"150\" height=\"150\" class=\"skip-lazy fg-image\" data-src-fg=\"http:\/\/www.artokora.de\/wp-content\/uploads\/cache\/2018\/09\/005-Feuerblume-Detail-6\/2820571499.jpg\" src=\"data:image\/svg+xml,%3Csvg%20xmlns%3D%22http%3A%2F%2Fwww.w3.org%2F2000%2Fsvg%22%20width%3D%22150%22%20height%3D%22150%22%20viewBox%3D%220%200%20150%20150%22%3E%3C%2Fsvg%3E\" loading=\"eager\"><\/span><span class=\"fg-image-overlay\"><\/span><\/a><figcaption class=\"fg-caption\"><div class=\"fg-caption-inner\"><div class=\"fg-caption-title\">Feuerblume Detail 4<\/div><\/div><\/figcaption><\/figure><div class=\"fg-loader\"><\/div><\/div><div class=\"fg-item fg-type-image fg-idle\"><figure class=\"fg-item-inner\"><a href=\"http:\/\/www.artokora.de\/wp-content\/uploads\/2018\/09\/005-Feuerblume-Detail-5.jpg\" data-caption-title=\"Feuerblume Detail 5\" data-attachment-id=\"8765\" data-type=\"image\" class=\"fg-thumb\"><span class=\"fg-image-wrap\"><img decoding=\"async\" title=\"Feuerblume Detail 5\" width=\"150\" height=\"150\" class=\"skip-lazy fg-image\" data-src-fg=\"http:\/\/www.artokora.de\/wp-content\/uploads\/cache\/2018\/09\/005-Feuerblume-Detail-5\/1835286097.jpg\" src=\"data:image\/svg+xml,%3Csvg%20xmlns%3D%22http%3A%2F%2Fwww.w3.org%2F2000%2Fsvg%22%20width%3D%22150%22%20height%3D%22150%22%20viewBox%3D%220%200%20150%20150%22%3E%3C%2Fsvg%3E\" loading=\"eager\"><\/span><span class=\"fg-image-overlay\"><\/span><\/a><figcaption class=\"fg-caption\"><div class=\"fg-caption-inner\"><div class=\"fg-caption-title\">Feuerblume Detail 5<\/div><\/div><\/figcaption><\/figure><div class=\"fg-loader\"><\/div><\/div><div class=\"fg-item fg-type-image fg-idle\"><figure class=\"fg-item-inner\"><a href=\"http:\/\/www.artokora.de\/wp-content\/uploads\/2018\/09\/005-Feuerblume-Detail-4.jpg\" data-caption-title=\"Feuerblume Detail 6\" data-attachment-id=\"8764\" data-type=\"image\" class=\"fg-thumb\"><span class=\"fg-image-wrap\"><img decoding=\"async\" title=\"Feuerblume Detail 6\" width=\"150\" height=\"150\" class=\"skip-lazy fg-image\" data-src-fg=\"http:\/\/www.artokora.de\/wp-content\/uploads\/cache\/2018\/09\/005-Feuerblume-Detail-4\/776842055.jpg\" src=\"data:image\/svg+xml,%3Csvg%20xmlns%3D%22http%3A%2F%2Fwww.w3.org%2F2000%2Fsvg%22%20width%3D%22150%22%20height%3D%22150%22%20viewBox%3D%220%200%20150%20150%22%3E%3C%2Fsvg%3E\" loading=\"eager\"><\/span><span class=\"fg-image-overlay\"><\/span><\/a><figcaption class=\"fg-caption\"><div class=\"fg-caption-inner\"><div class=\"fg-caption-title\">Feuerblume Detail 6<\/div><\/div><\/figcaption><\/figure><div class=\"fg-loader\"><\/div><\/div><div class=\"fg-item fg-type-image fg-idle\"><figure class=\"fg-item-inner\"><a href=\"http:\/\/www.artokora.de\/wp-content\/uploads\/2018\/09\/005-Feuerblume-Detail-3.jpg\" data-caption-title=\"Feuerblume Detail 7\" data-attachment-id=\"8763\" data-type=\"image\" class=\"fg-thumb\"><span class=\"fg-image-wrap\"><img decoding=\"async\" title=\"Feuerblume Detail 7\" width=\"150\" height=\"150\" class=\"skip-lazy fg-image\" data-src-fg=\"http:\/\/www.artokora.de\/wp-content\/uploads\/cache\/2018\/09\/005-Feuerblume-Detail-3\/1021331044.jpg\" src=\"data:image\/svg+xml,%3Csvg%20xmlns%3D%22http%3A%2F%2Fwww.w3.org%2F2000%2Fsvg%22%20width%3D%22150%22%20height%3D%22150%22%20viewBox%3D%220%200%20150%20150%22%3E%3C%2Fsvg%3E\" loading=\"eager\"><\/span><span class=\"fg-image-overlay\"><\/span><\/a><figcaption class=\"fg-caption\"><div class=\"fg-caption-inner\"><div class=\"fg-caption-title\">Feuerblume Detail 7<\/div><\/div><\/figcaption><\/figure><div class=\"fg-loader\"><\/div><\/div><div class=\"fg-item fg-type-image fg-idle\"><figure class=\"fg-item-inner\"><a href=\"http:\/\/www.artokora.de\/wp-content\/uploads\/2018\/09\/005-Feuerblume-Detail-2.jpg\" data-caption-title=\"Feuerblume Detail 8\" data-attachment-id=\"8762\" data-type=\"image\" class=\"fg-thumb\"><span class=\"fg-image-wrap\"><img decoding=\"async\" title=\"Feuerblume Detail 8\" width=\"150\" height=\"150\" class=\"skip-lazy fg-image\" data-src-fg=\"http:\/\/www.artokora.de\/wp-content\/uploads\/cache\/2018\/09\/005-Feuerblume-Detail-2\/2143933298.jpg\" src=\"data:image\/svg+xml,%3Csvg%20xmlns%3D%22http%3A%2F%2Fwww.w3.org%2F2000%2Fsvg%22%20width%3D%22150%22%20height%3D%22150%22%20viewBox%3D%220%200%20150%20150%22%3E%3C%2Fsvg%3E\" loading=\"eager\"><\/span><span class=\"fg-image-overlay\"><\/span><\/a><figcaption class=\"fg-caption\"><div class=\"fg-caption-inner\"><div class=\"fg-caption-title\">Feuerblume Detail 8<\/div><\/div><\/figcaption><\/figure><div class=\"fg-loader\"><\/div><\/div><div class=\"fg-item fg-type-image fg-idle\"><figure class=\"fg-item-inner\"><a href=\"http:\/\/www.artokora.de\/wp-content\/uploads\/2018\/09\/005-Feuerblume-Detail-1.jpg\" data-caption-title=\"Feuerblume Detail 9\" data-attachment-id=\"8761\" data-type=\"image\" class=\"fg-thumb\"><span class=\"fg-image-wrap\"><img decoding=\"async\" title=\"Feuerblume Detail 9\" width=\"150\" height=\"150\" class=\"skip-lazy fg-image\" data-src-fg=\"http:\/\/www.artokora.de\/wp-content\/uploads\/cache\/2018\/09\/005-Feuerblume-Detail-1\/3132320840.jpg\" src=\"data:image\/svg+xml,%3Csvg%20xmlns%3D%22http%3A%2F%2Fwww.w3.org%2F2000%2Fsvg%22%20width%3D%22150%22%20height%3D%22150%22%20viewBox%3D%220%200%20150%20150%22%3E%3C%2Fsvg%3E\" loading=\"eager\"><\/span><span class=\"fg-image-overlay\"><\/span><\/a><figcaption class=\"fg-caption\"><div class=\"fg-caption-inner\"><div class=\"fg-caption-title\">Feuerblume Detail 9<\/div><\/div><\/figcaption><\/figure><div class=\"fg-loader\"><\/div><\/div><div class=\"fg-item fg-type-image fg-idle\"><figure class=\"fg-item-inner\"><a href=\"http:\/\/www.artokora.de\/wp-content\/uploads\/2018\/09\/005-Feuerblume-Detail-9.jpg\" data-caption-title=\"Feuerblume Detail 1\" data-attachment-id=\"8769\" data-type=\"image\" class=\"fg-thumb\"><span class=\"fg-image-wrap\"><img decoding=\"async\" title=\"Feuerblume Detail 1\" width=\"150\" height=\"150\" class=\"skip-lazy fg-image\" data-src-fg=\"http:\/\/www.artokora.de\/wp-content\/uploads\/cache\/2018\/09\/005-Feuerblume-Detail-9\/3463237179.jpg\" src=\"data:image\/svg+xml,%3Csvg%20xmlns%3D%22http%3A%2F%2Fwww.w3.org%2F2000%2Fsvg%22%20width%3D%22150%22%20height%3D%22150%22%20viewBox%3D%220%200%20150%20150%22%3E%3C%2Fsvg%3E\" loading=\"eager\"><\/span><span class=\"fg-image-overlay\"><\/span><\/a><figcaption class=\"fg-caption\"><div class=\"fg-caption-inner\"><div class=\"fg-caption-title\">Feuerblume Detail 1<\/div><\/div><\/figcaption><\/figure><div class=\"fg-loader\"><\/div><\/div><div class=\"fg-item fg-type-image fg-idle\"><figure class=\"fg-item-inner\"><a href=\"http:\/\/www.artokora.de\/wp-content\/uploads\/2018\/09\/005-Feuerblume-Detail-8.jpg\" data-caption-title=\"Feuerblume Detail 2\" data-attachment-id=\"8768\" data-type=\"image\" class=\"fg-thumb\"><span class=\"fg-image-wrap\"><img decoding=\"async\" title=\"Feuerblume Detail 2\" width=\"150\" height=\"150\" class=\"skip-lazy fg-image\" data-src-fg=\"http:\/\/www.artokora.de\/wp-content\/uploads\/cache\/2018\/09\/005-Feuerblume-Detail-8\/2370132781.jpg\" src=\"data:image\/svg+xml,%3Csvg%20xmlns%3D%22http%3A%2F%2Fwww.w3.org%2F2000%2Fsvg%22%20width%3D%22150%22%20height%3D%22150%22%20viewBox%3D%220%200%20150%20150%22%3E%3C%2Fsvg%3E\" loading=\"eager\"><\/span><span class=\"fg-image-overlay\"><\/span><\/a><figcaption class=\"fg-caption\"><div class=\"fg-caption-inner\"><div class=\"fg-caption-title\">Feuerblume Detail 2<\/div><\/div><\/figcaption><\/figure><div class=\"fg-loader\"><\/div><\/div><div class=\"fg-item fg-type-image fg-idle\"><figure class=\"fg-item-inner\"><a href=\"http:\/\/www.artokora.de\/wp-content\/uploads\/2018\/09\/005-Feuerblume.jpg\" data-caption-title=\"Feuerblume 2018\" data-attachment-id=\"8759\" data-type=\"image\" class=\"fg-thumb\"><span class=\"fg-image-wrap\"><img decoding=\"async\" title=\"Feuerblume 2018\" width=\"150\" height=\"150\" class=\"skip-lazy fg-image\" data-src-fg=\"http:\/\/www.artokora.de\/wp-content\/uploads\/cache\/2018\/09\/005-Feuerblume\/311229621.jpg\" src=\"data:image\/svg+xml,%3Csvg%20xmlns%3D%22http%3A%2F%2Fwww.w3.org%2F2000%2Fsvg%22%20width%3D%22150%22%20height%3D%22150%22%20viewBox%3D%220%200%20150%20150%22%3E%3C%2Fsvg%3E\" loading=\"eager\"><\/span><span class=\"fg-image-overlay\"><\/span><\/a><figcaption class=\"fg-caption\"><div class=\"fg-caption-inner\"><div class=\"fg-caption-title\">Feuerblume 2018<\/div><\/div><\/figcaption><\/figure><div class=\"fg-loader\"><\/div><\/div><\/div>\n\n\n\n<p><strong><em>Feuer\u00e4ther<\/em><\/strong><br> Wer sich in der Welt aufmerksam umschaut, kann feststellen, dass sich die Konflikte in den astralen Feldern der Erde immer deutlicher durch Kriege zwischen den herrschenden M\u00e4chten deklarieren. <br> Auf allen Kontinenten Krieg, Fl\u00fcchtlinge, Millionen m\u00fcssen in menschenunw\u00fcrdigen Verh\u00e4ltnissen leben, Krankheit und Verhungern sind an der Tagesordnung, einmal abgesehen von den zig tausend Toten auf den Schlachtfeldern. Die Regierungen nehmen dieses Morden f\u00fcr ihre Machtpolitik in Kauf. Die Religionen bietet nur antiquierte Versprechen eines paradiesischen Zustandes als emotionale Motivation f\u00fcr das abgerutschte Selbstbewusstsein. Daneben expandiert die radikale Ausbeutung der Bodensch\u00e4tze auf Kosten der \u00c4rmsten in Asien, Australien, Afrika und S\u00fcdamerika, dadurch bzw. gleichzeitig wird die Verschmutzung der Erde, der Meere, und der Luft in gigantische Ausma\u00dfe getrieben. Den globalen Konzernen und Kommunikationsfirmen scheint das alles vollkommen gleichg\u00fcltig zu sein.<br> Aber dabei zeigt sich in der ganzen Welt, dass auch die Gedanken und Gef\u00fchle der Top-Manager und -rinnen v\u00f6llig verschmutzen, weil in den globalen Konzernen best\u00e4ndig mentale Kriege um interne Machtbereiche gef\u00fchrt werden. Man nennt das im Kommerz dann \u00abWettbewerb\u00bb. Die ungebremste Gedankenwelt der Verkaufsstrategen verm\u00fcllt auch die Astralsph\u00e4re und es wird dann niemanden wundern, wenn die \u00e4therischen Lebens-Felder ebenfalls mit Abschaum jeder Art verstopft werden. In Folge davon werden sich epidemische Krankheiten jeder Art \u00fcber den Globus ausbreiten. Dass bei alledem die Wesen in den unstofflichen Feldern der Erde, die f\u00fcr den Erhalt der irdischen Natur sorgen, vollkommen denaturiert werden, kann von der empirischen Wissenschaft nicht gesehen werden, weil sie nur die materiellen Gegebenheiten beobachten. Kultur, Politik und Religion folgen dem materiellen Denkansatz. Die wirtschaftlich abh\u00e4ngigen Medien kennen und diskutieren immer nur die materielle Struktur des Daseins. So wird ohne jede bewusste Kenntnis der wirklichen Zusammenh\u00e4nge des nat\u00fcrlichen Lebens ein unheiliges Feuer entz\u00fcndet, das durch die tiefe Verzweiflung und \u00dcberlebensangst der Masse Mensch stets erneut entfacht wird. Der wahre Quell des lebendigen Lichtes im metaphysischen Raum kann den Meinungsbildnern  nicht gewahr werden. <br> Nur eine neue unirdische Kraft, das Feuer des Christus, die Monade aus dem Sonnenlogos. wird den Niedergang des Kosmos Erde mildern. Alle Menschen, die in ihrem Inneren bereits die warnende Stimme des Wassermanns h\u00f6ren, werden zur Mitwirkung bei der fortschreitenden Evolution des Kosmos und ihres Mikrokosmos inspiriert. Menschen, die sich im Erfahren ihres Daseins auf die eigentliche Aufgabe des Lebens besinnen, die Weiterentwicklung der mikrokosmischen Lebensfelder, wie z.B. der Astralis und der Mentalis, werden im Feuer\u00e4ther den Brand der Egozentrik l\u00f6schen. Im Begehren nach der Einheit aller Wesen in der irdischen Natur befreien sie sich von den Fesseln des unbewussten Automatismus der materiellen Selbsterhaltung. Wer sich auf die h\u00f6heren Felder des kosmischen Seins ausrichtet und t\u00e4glich die f\u00fcr seine Evolution erforderliche Zeit und Raum opfert, wird vom heilenden Feuer\u00e4ther in einem Werdeprozess f\u00fcr den Lichtkreis der aktiven Menschen magnetisch. Unter der F\u00fchrung ihrer Monaden entfalten sich zunehmend die h\u00f6heren Aspekte in der Astralis und der Mentalis. Die absolut neue Weltanschauung erm\u00f6glicht diesen \u00abErleuchteten\u00bb bei der Reinigung der Weltfelder mitzuwirken und zur Heilung aller Menschen ihren Anteil beizutragen. Ein total umgewandelter mikrokosmischer Magnetismus l\u00e4sst neue isomorphe Kr\u00e4fte einstr\u00f6men. Alle Menschen in den herangereiften Mikrokosmen k\u00f6nnen davon erhoben werden, damit auch sie, von den alten Komplexen der materiellen Selbsterh\u00f6hung befreit, f\u00fcr das universelle Bewusstsein des Sonnenlogos resonant sein werden.<\/p>\n\n\n\n<hr class=\"wp-block-separator\"\/>\n\n\n\n<p>Sende mir Deine Gedanken zum Text und Bild \u00fcber <a href=\"http:\/\/www.artokora.de\/?page_id=74\"><strong>Kontakt<\/strong><\/a><\/p>\n\n\n\n<hr class=\"wp-block-separator\"\/>\n","protected":false},"excerpt":{"rendered":"<p>Bildtitel: 005 Feuerblume , digital Composing, Format: 50 x 70 cm; Datei: 150 MB, 311 dpi; Datum: 2019 Feuer\u00e4ther Wer sich in der Welt aufmerksam umschaut, kann feststellen, dass sich die Konflikte in den astralen Feldern der Erde immer deutlicher durch Kriege zwischen den herrschenden M\u00e4chten deklarieren. Auf allen Kontinenten Krieg, Fl\u00fcchtlinge, Millionen m\u00fcssen in &hellip; <\/p>\n<p class=\"link-more\"><a href=\"http:\/\/www.artokora.de\/?page_id=9385\" class=\"more-link\"><span class=\"screen-reader-text\">\u201eFeuerblume\u201c<\/span> weiterlesen<\/a><\/p>\n","protected":false},"author":2,"featured_media":8759,"parent":5049,"menu_order":0,"comment_status":"closed","ping_status":"closed","template":"","meta":{"footnotes":""},"class_list":["post-9385","page","type-page","status-publish","has-post-thumbnail","hentry"],"_links":{"self":[{"href":"http:\/\/www.artokora.de\/index.php?rest_route=\/wp\/v2\/pages\/9385"}],"collection":[{"href":"http:\/\/www.artokora.de\/index.php?rest_route=\/wp\/v2\/pages"}],"about":[{"href":"http:\/\/www.artokora.de\/index.php?rest_route=\/wp\/v2\/types\/page"}],"author":[{"embeddable":true,"href":"http:\/\/www.artokora.de\/index.php?rest_route=\/wp\/v2\/users\/2"}],"replies":[{"embeddable":true,"href":"http:\/\/www.artokora.de\/index.php?rest_route=%2Fwp%2Fv2%2Fcomments&post=9385"}],"version-history":[{"count":5,"href":"http:\/\/www.artokora.de\/index.php?rest_route=\/wp\/v2\/pages\/9385\/revisions"}],"predecessor-version":[{"id":10921,"href":"http:\/\/www.artokora.de\/index.php?rest_route=\/wp\/v2\/pages\/9385\/revisions\/10921"}],"up":[{"embeddable":true,"href":"http:\/\/www.artokora.de\/index.php?rest_route=\/wp\/v2\/pages\/5049"}],"wp:featuredmedia":[{"embeddable":true,"href":"http:\/\/www.artokora.de\/index.php?rest_route=\/wp\/v2\/media\/8759"}],"wp:attachment":[{"href":"http:\/\/www.artokora.de\/index.php?rest_route=%2Fwp%2Fv2%2Fmedia&parent=9385"}],"curies":[{"name":"wp","href":"https:\/\/api.w.org\/{rel}","templated":true}]}}